{"id":70,"date":"2023-03-07T17:05:50","date_gmt":"2023-03-07T17:05:50","guid":{"rendered":"https:\/\/uumana.com.co\/?page_id=70"},"modified":"2025-01-21T18:38:01","modified_gmt":"2025-01-21T23:38:01","slug":"informal-blog","status":"publish","type":"page","link":"https:\/\/uumana.com.co\/?page_id=70","title":{"rendered":"InFormal Blog"},"content":{"rendered":"<p>[et_pb_section fb_built=&#8221;1&#8243; admin_label=&#8221;Header&#8221; _builder_version=&#8221;4.20.1&#8243; background_image=&#8221;http:\/\/uumana.com.co\/wp-content\/uploads\/2023\/03\/Fondo-Uumana-Jose_Mesa-de-trabajo-1.png&#8221; background_position=&#8221;bottom_center&#8221; custom_padding=&#8221;||||false|false&#8221; global_colors_info=&#8221;{}&#8221;][et_pb_row column_structure=&#8221;1_3,2_3&#8243; _builder_version=&#8221;4.16&#8243; global_colors_info=&#8221;{}&#8221;][et_pb_column type=&#8221;1_3&#8243; _builder_version=&#8221;4.16&#8243; z_index=&#8221;10&#8243; global_colors_info=&#8221;{}&#8221;][et_pb_text _builder_version=&#8221;4.27.4&#8243; header_font=&#8221;Karla|900|||||||&#8221; header_text_color=&#8221;#3875a7&#8243; header_font_size=&#8221;60px&#8221; header_line_height=&#8221;1.2em&#8221; hover_enabled=&#8221;0&#8243; header_font_size_tablet=&#8221;60px&#8221; header_font_size_phone=&#8221;40px&#8221; header_font_size_last_edited=&#8221;on|tablet&#8221; locked=&#8221;off&#8221; global_colors_info=&#8221;{}&#8221; sticky_enabled=&#8221;0&#8243;]<\/p>\n<h1>InFormal Blog<\/h1>\n<p>[\/et_pb_text][\/et_pb_column][et_pb_column type=&#8221;2_3&#8243; _builder_version=&#8221;4.16&#8243; z_index=&#8221;10&#8243; global_colors_info=&#8221;{}&#8221;][et_pb_text _builder_version=&#8221;4.27.4&#8243; _module_preset=&#8221;default&#8221; text_font=&#8221;Convergence||||||||&#8221; header_font=&#8221;Karla||||||||&#8221; header_text_color=&#8221;#77b0c1&#8243; hover_enabled=&#8221;0&#8243; global_colors_info=&#8221;{}&#8221; sticky_enabled=&#8221;0&#8243;]<\/p>\n<h1 class=\"wnd-align-right\" style=\"text-align: right;\">\u00bfQu\u00e9 leer\u00e1s aqu\u00ed?<\/h1>\n<p class=\"wnd-align-right\" style=\"text-align: right;\">InFormal Blog nace con el objetivo de promover el aprendizaje por medio de nuestras experiencias, pues eso de aprender por cabeza ajena es un tanto ilusorio. Ya que a diario tenemos experiencias sencillas de las cuales podemos sacar nuestras propias teor\u00edas de la vida, vamos a promover un #yovivoyoaprendo<\/p>\n<p class=\"wnd-align-right\" style=\"text-align: right;\">Cada blog se estructura con una:<\/p>\n<p class=\"wnd-align-right\" style=\"text-align: right;\">EXPERIENCIA \u21d2 Alguna experiencia tuya o m\u00eda que queramos analizar.<\/p>\n<p class=\"wnd-align-right\" style=\"text-align: right;\">EXPLICACI\u00d3N PSICOL\u00d3GICA \u21d2 De manera sencilla, pero que nos d\u00e9 herramientas para concluir en grandes aprendizajes.<\/p>\n<p>[\/et_pb_text][\/et_pb_column][\/et_pb_row][\/et_pb_section][et_pb_section fb_built=&#8221;1&#8243; admin_label=&#8221;Blog&#8221; _builder_version=&#8221;4.20.1&#8243; background_color=&#8221;#80b5e0&#8243; global_colors_info=&#8221;{}&#8221;][et_pb_row _builder_version=&#8221;4.16&#8243; global_colors_info=&#8221;{}&#8221;][et_pb_column type=&#8221;4_4&#8243; _builder_version=&#8221;4.16&#8243; global_colors_info=&#8221;{}&#8221;][et_pb_post_slider posts_number=&#8221;3&#8243; show_more_button=&#8221;off&#8221; use_manual_excerpt=&#8221;off&#8221; excerpt_length=&#8221;0&#8243; show_meta=&#8221;off&#8221; bg_overlay_color=&#8221;rgba(255,255,255,0.8)&#8221; arrows_custom_color=&#8221;rgba(0,0,0,0.1)&#8221; _builder_version=&#8221;4.27.4&#8243; header_level=&#8221;h3&#8243; header_font=&#8221;Karla||||||||&#8221; header_text_color=&#8221;#000000&#8243; header_font_size=&#8221;46px&#8221; header_line_height=&#8221;1.4em&#8221; background_color=&#8221;#ffffff&#8221; text_orientation=&#8221;left&#8221; background_layout=&#8221;light&#8221; custom_padding=&#8221;130px||130px||true|false&#8221; custom_padding_tablet=&#8221;90px||90px||true|false&#8221; custom_padding_phone=&#8221;70px||70px||true|false&#8221; custom_padding_last_edited=&#8221;on|phone&#8221; animation_style=&#8221;fold&#8221; hover_enabled=&#8221;0&#8243; header_font_size_tablet=&#8221;24px&#8221; header_font_size_phone=&#8221;18px&#8221; header_font_size_last_edited=&#8221;on|tablet&#8221; border_radii_image=&#8221;on|10px|10px|10px|10px&#8221; box_shadow_style=&#8221;preset3&#8243; text_shadow_style=&#8221;preset1&#8243; text_shadow_color=&#8221;rgba(0,0,0,0)&#8221; global_colors_info=&#8221;{}&#8221; sticky_enabled=&#8221;0&#8243; header_text_align=&#8221;center&#8221;][\/et_pb_post_slider][\/et_pb_column][\/et_pb_row][et_pb_row use_custom_gutter=&#8221;on&#8221; gutter_width=&#8221;2&#8243; _builder_version=&#8221;4.20.4&#8243; global_colors_info=&#8221;{}&#8221;][et_pb_column type=&#8221;4_4&#8243; _builder_version=&#8221;4.16&#8243; global_colors_info=&#8221;{}&#8221;][et_pb_blog posts_number=&#8221;5&#8243; use_manual_excerpt=&#8221;off&#8221; excerpt_length=&#8221;140&#8243; show_author=&#8221;off&#8221; show_date=&#8221;off&#8221; show_categories=&#8221;off&#8221; _builder_version=&#8221;4.27.4&#8243; header_font=&#8221;Karla||||||||&#8221; header_text_color=&#8221;#007b82&#8243; header_font_size=&#8221;26px&#8221; header_line_height=&#8221;1.6em&#8221; body_font=&#8221;Convergence||||||||&#8221; body_text_color=&#8221;#FFFFFF&#8221; meta_font=&#8221;|600||on|||||&#8221; meta_text_color=&#8221;#000000&#8243; meta_font_size=&#8221;14px&#8221; meta_letter_spacing=&#8221;2px&#8221; pagination_font=&#8221;Karla|700||on|||||&#8221; pagination_text_color=&#8221;#FFFFFF&#8221; pagination_font_size=&#8221;14px&#8221; pagination_letter_spacing=&#8221;2px&#8221; pagination_line_height=&#8221;2em&#8221; hover_enabled=&#8221;0&#8243; header_font_size_tablet=&#8221;22px&#8221; header_font_size_phone=&#8221;14px&#8221; header_font_size_last_edited=&#8221;on|phone&#8221; pagination_font_size_tablet=&#8221;18px&#8221; pagination_font_size_phone=&#8221;16px&#8221; pagination_font_size_last_edited=&#8221;off|desktop&#8221; border_width_all=&#8221;0px&#8221; border_radii_image=&#8221;on|10px|10px|10px|10px&#8221; locked=&#8221;off&#8221; global_colors_info=&#8221;{}&#8221; sticky_enabled=&#8221;0&#8243;][\/et_pb_blog][\/et_pb_column][\/et_pb_row][\/et_pb_section][et_pb_section fb_built=&#8221;1&#8243; admin_label=&#8221;Footer&#8221; _builder_version=&#8221;4.27.4&#8243; background_color=&#8221;#FFFFFF&#8221; overflow-x=&#8221;hidden&#8221; overflow-y=&#8221;hidden&#8221; custom_padding=&#8221;||6px|||&#8221; global_module=&#8221;206&#8243; saved_tabs=&#8221;all&#8221; locked=&#8221;off&#8221; global_colors_info=&#8221;{}&#8221;][et_pb_row column_structure=&#8221;1_3,2_3&#8243; _builder_version=&#8221;4.27.4&#8243; _module_preset=&#8221;default&#8221; global_colors_info=&#8221;{}&#8221;][et_pb_column type=&#8221;1_3&#8243; _builder_version=&#8221;4.27.4&#8243; _module_preset=&#8221;default&#8221; global_colors_info=&#8221;{}&#8221;][\/et_pb_column][et_pb_column type=&#8221;2_3&#8243; _builder_version=&#8221;4.27.4&#8243; _module_preset=&#8221;default&#8221; global_colors_info=&#8221;{}&#8221;][et_pb_text _builder_version=&#8221;4.27.4&#8243; _module_preset=&#8221;default&#8221; text_font=&#8221;Karla|700|||||||&#8221; text_text_color=&#8221;#3875a7&#8243; text_font_size=&#8221;32px&#8221; text_orientation=&#8221;center&#8221; global_colors_info=&#8221;{}&#8221;]<\/p>\n<p>CONTACTO:<\/p>\n<p>[\/et_pb_text][\/et_pb_column][\/et_pb_row][et_pb_row column_structure=&#8221;1_3,1_3,1_3&#8243; use_custom_gutter=&#8221;on&#8221; gutter_width=&#8221;2&#8243; _builder_version=&#8221;4.27.4&#8243; global_colors_info=&#8221;{}&#8221;][et_pb_column type=&#8221;1_3&#8243; _builder_version=&#8221;4.16&#8243; global_colors_info=&#8221;{}&#8221;][et_pb_image src=&#8221;http:\/\/uumana.com.co\/wp-content\/uploads\/2023\/03\/Logotipo-05.png&#8221; title_text=&#8221;Logotipo-05&#8243; align=&#8221;center&#8221; _builder_version=&#8221;4.27.4&#8243; _module_preset=&#8221;default&#8221; custom_margin=&#8221;-140px||||false|false&#8221; custom_margin_tablet=&#8221;&#8221; custom_margin_phone=&#8221;-100px||-100px||true|false&#8221; custom_margin_last_edited=&#8221;on|desktop&#8221; global_colors_info=&#8221;{}&#8221;][\/et_pb_image][\/et_pb_column][et_pb_column type=&#8221;1_3&#8243; _builder_version=&#8221;4.16&#8243; global_colors_info=&#8221;{}&#8221;][et_pb_text _builder_version=&#8221;4.27.4&#8243; text_font=&#8221;Karla|600||on|||||&#8221; text_text_color=&#8221;#3875a7&#8243; text_font_size=&#8221;22px&#8221; text_line_height=&#8221;2em&#8221; link_text_color=&#8221;#000000&#8243; header_6_font=&#8221;Sculpin|700||on|||||&#8221; header_6_text_color=&#8221;#f4d8cd&#8221; header_6_font_size=&#8221;12px&#8221; header_6_letter_spacing=&#8221;2px&#8221; header_6_line_height=&#8221;1.2em&#8221; text_orientation=&#8221;center&#8221; text_font_size_tablet=&#8221;18px&#8221; text_font_size_phone=&#8221;16px&#8221; text_font_size_last_edited=&#8221;on|desktop&#8221; locked=&#8221;off&#8221; global_colors_info=&#8221;{}&#8221;]<\/p>\n<p>Tel\u00e9fono<\/p>\n<p><span style=\"font-weight: 400;\">(+52) 722 111 64 57 <\/span><\/p>\n<p>[\/et_pb_text][\/et_pb_column][et_pb_column type=&#8221;1_3&#8243; _builder_version=&#8221;4.27.4&#8243; global_colors_info=&#8221;{}&#8221;][et_pb_text _builder_version=&#8221;4.27.4&#8243; text_font=&#8221;Karla|600|||||||&#8221; text_text_color=&#8221;#3875a7&#8243; text_font_size=&#8221;22px&#8221; text_line_height=&#8221;2em&#8221; link_text_color=&#8221;#000000&#8243; header_6_font=&#8221;Sculpin|700||on|||||&#8221; header_6_text_color=&#8221;#f4d8cd&#8221; header_6_font_size=&#8221;12px&#8221; header_6_letter_spacing=&#8221;2px&#8221; header_6_line_height=&#8221;1.2em&#8221; text_orientation=&#8221;center&#8221; text_font_size_tablet=&#8221;18px&#8221; text_font_size_phone=&#8221;16px&#8221; text_font_size_last_edited=&#8221;on|desktop&#8221; locked=&#8221;off&#8221; global_colors_info=&#8221;{}&#8221;]<\/p>\n<p>EMAIL<\/p>\n<p>hablemos@uumana.com.co<\/p>\n<p>[\/et_pb_text][\/et_pb_column][\/et_pb_row][\/et_pb_section]<\/p>\n","protected":false},"excerpt":{"rendered":"<p>InFormal Blog\u00bfQu\u00e9 leer\u00e1s aqu\u00ed? InFormal Blog nace con el objetivo de promover el aprendizaje por medio de nuestras experiencias, pues eso de aprender por cabeza ajena es un tanto ilusorio. Ya que a diario tenemos experiencias sencillas de las cuales podemos sacar nuestras propias teor\u00edas de la vida, vamos a promover un #yovivoyoaprendo Cada blog [&hellip;]<\/p>\n","protected":false},"author":1,"featured_media":0,"parent":0,"menu_order":0,"comment_status":"closed","ping_status":"closed","template":"","meta":{"_et_pb_use_builder":"on","_et_pb_old_content":"<!-- wp:divi\/placeholder \/-->","_et_gb_content_width":"","footnotes":""},"class_list":["post-70","page","type-page","status-publish","hentry"],"yoast_head":"<!-- This site is optimized with the Yoast SEO plugin v24.3 - https:\/\/yoast.com\/wordpress\/plugins\/seo\/ -->\n<title>InFormal Blog - Uumana<\/title>\n<meta name=\"description\" content=\"\u00bfQu\u00e9 leer\u00e1s aqu\u00ed? InFormal Blog nace con el objetivo de promover el aprendizaje por medio de nuestras experiencias, pues eso de aprender por cabeza ajena es un tanto ilusorio. Ya que a diario tenemos experiencias sencillas de las cuales podemos sacar nuestras propias teor\u00edas de la vida, vamos a promover un #yovivoyoaprendo\" \/>\n<meta name=\"robots\" content=\"index, follow, max-snippet:-1, max-image-preview:large, max-video-preview:-1\" \/>\n<link rel=\"canonical\" href=\"https:\/\/uumana.com.co\/?page_id=70\" \/>\n<meta property=\"og:locale\" content=\"es_ES\" \/>\n<meta property=\"og:type\" content=\"article\" \/>\n<meta property=\"og:title\" content=\"InFormal Blog - Uumana\" \/>\n<meta property=\"og:description\" content=\"\u00bfQu\u00e9 leer\u00e1s aqu\u00ed? InFormal Blog nace con el objetivo de promover el aprendizaje por medio de nuestras experiencias, pues eso de aprender por cabeza ajena es un tanto ilusorio. Ya que a diario tenemos experiencias sencillas de las cuales podemos sacar nuestras propias teor\u00edas de la vida, vamos a promover un #yovivoyoaprendo\" \/>\n<meta property=\"og:url\" content=\"https:\/\/uumana.com.co\/?page_id=70\" \/>\n<meta property=\"og:site_name\" content=\"Uumana\" \/>\n<meta property=\"article:publisher\" content=\"https:\/\/www.facebook.com\/uumanac\" \/>\n<meta property=\"article:modified_time\" content=\"2025-01-21T23:38:01+00:00\" \/>\n<meta name=\"twitter:card\" content=\"summary_large_image\" \/>\n<meta name=\"twitter:label1\" content=\"Tiempo de lectura\" \/>\n\t<meta name=\"twitter:data1\" content=\"2 minutos\" \/>\n<script type=\"application\/ld+json\" class=\"yoast-schema-graph\">{\"@context\":\"https:\/\/schema.org\",\"@graph\":[{\"@type\":\"WebPage\",\"@id\":\"https:\/\/uumana.com.co\/?page_id=70\",\"url\":\"https:\/\/uumana.com.co\/?page_id=70\",\"name\":\"InFormal Blog - Uumana\",\"isPartOf\":{\"@id\":\"https:\/\/uumana.com.co\/#website\"},\"datePublished\":\"2023-03-07T17:05:50+00:00\",\"dateModified\":\"2025-01-21T23:38:01+00:00\",\"description\":\"\u00bfQu\u00e9 leer\u00e1s aqu\u00ed? InFormal Blog nace con el objetivo de promover el aprendizaje por medio de nuestras experiencias, pues eso de aprender por cabeza ajena es un tanto ilusorio. Ya que a diario tenemos experiencias sencillas de las cuales podemos sacar nuestras propias teor\u00edas de la vida, vamos a promover un #yovivoyoaprendo\",\"breadcrumb\":{\"@id\":\"https:\/\/uumana.com.co\/?page_id=70#breadcrumb\"},\"inLanguage\":\"es\",\"potentialAction\":[{\"@type\":\"ReadAction\",\"target\":[\"https:\/\/uumana.com.co\/?page_id=70\"]}]},{\"@type\":\"BreadcrumbList\",\"@id\":\"https:\/\/uumana.com.co\/?page_id=70#breadcrumb\",\"itemListElement\":[{\"@type\":\"ListItem\",\"position\":1,\"name\":\"Portada\",\"item\":\"https:\/\/uumana.com.co\/\"},{\"@type\":\"ListItem\",\"position\":2,\"name\":\"InFormal Blog\"}]},{\"@type\":\"WebSite\",\"@id\":\"https:\/\/uumana.com.co\/#website\",\"url\":\"https:\/\/uumana.com.co\/\",\"name\":\"Uumana Bienestar Personal\",\"description\":\"Bienestar Emocional\",\"publisher\":{\"@id\":\"https:\/\/uumana.com.co\/#organization\"},\"potentialAction\":[{\"@type\":\"SearchAction\",\"target\":{\"@type\":\"EntryPoint\",\"urlTemplate\":\"https:\/\/uumana.com.co\/?s={search_term_string}\"},\"query-input\":{\"@type\":\"PropertyValueSpecification\",\"valueRequired\":true,\"valueName\":\"search_term_string\"}}],\"inLanguage\":\"es\"},{\"@type\":\"Organization\",\"@id\":\"https:\/\/uumana.com.co\/#organization\",\"name\":\"Uumana Bienestar Personal\",\"url\":\"https:\/\/uumana.com.co\/\",\"logo\":{\"@type\":\"ImageObject\",\"inLanguage\":\"es\",\"@id\":\"https:\/\/uumana.com.co\/#\/schema\/logo\/image\/\",\"url\":\"https:\/\/uumana.com.co\/wp-content\/uploads\/2023\/03\/Logotipo-05.png\",\"contentUrl\":\"https:\/\/uumana.com.co\/wp-content\/uploads\/2023\/03\/Logotipo-05.png\",\"width\":4500,\"height\":4501,\"caption\":\"Uumana Bienestar Personal\"},\"image\":{\"@id\":\"https:\/\/uumana.com.co\/#\/schema\/logo\/image\/\"},\"sameAs\":[\"https:\/\/www.facebook.com\/uumanac\",\"https:\/\/www.instagram.com\/uumana_\/?hl=es-la\"]}]}<\/script>\n<!-- \/ Yoast SEO plugin. -->","yoast_head_json":{"title":"InFormal Blog - Uumana","description":"\u00bfQu\u00e9 leer\u00e1s aqu\u00ed? InFormal Blog nace con el objetivo de promover el aprendizaje por medio de nuestras experiencias, pues eso de aprender por cabeza ajena es un tanto ilusorio. Ya que a diario tenemos experiencias sencillas de las cuales podemos sacar nuestras propias teor\u00edas de la vida, vamos a promover un #yovivoyoaprendo","robots":{"index":"index","follow":"follow","max-snippet":"max-snippet:-1","max-image-preview":"max-image-preview:large","max-video-preview":"max-video-preview:-1"},"canonical":"https:\/\/uumana.com.co\/?page_id=70","og_locale":"es_ES","og_type":"article","og_title":"InFormal Blog - Uumana","og_description":"\u00bfQu\u00e9 leer\u00e1s aqu\u00ed? InFormal Blog nace con el objetivo de promover el aprendizaje por medio de nuestras experiencias, pues eso de aprender por cabeza ajena es un tanto ilusorio. Ya que a diario tenemos experiencias sencillas de las cuales podemos sacar nuestras propias teor\u00edas de la vida, vamos a promover un #yovivoyoaprendo","og_url":"https:\/\/uumana.com.co\/?page_id=70","og_site_name":"Uumana","article_publisher":"https:\/\/www.facebook.com\/uumanac","article_modified_time":"2025-01-21T23:38:01+00:00","twitter_card":"summary_large_image","twitter_misc":{"Tiempo de lectura":"2 minutos"},"schema":{"@context":"https:\/\/schema.org","@graph":[{"@type":"WebPage","@id":"https:\/\/uumana.com.co\/?page_id=70","url":"https:\/\/uumana.com.co\/?page_id=70","name":"InFormal Blog - Uumana","isPartOf":{"@id":"https:\/\/uumana.com.co\/#website"},"datePublished":"2023-03-07T17:05:50+00:00","dateModified":"2025-01-21T23:38:01+00:00","description":"\u00bfQu\u00e9 leer\u00e1s aqu\u00ed? InFormal Blog nace con el objetivo de promover el aprendizaje por medio de nuestras experiencias, pues eso de aprender por cabeza ajena es un tanto ilusorio. Ya que a diario tenemos experiencias sencillas de las cuales podemos sacar nuestras propias teor\u00edas de la vida, vamos a promover un #yovivoyoaprendo","breadcrumb":{"@id":"https:\/\/uumana.com.co\/?page_id=70#breadcrumb"},"inLanguage":"es","potentialAction":[{"@type":"ReadAction","target":["https:\/\/uumana.com.co\/?page_id=70"]}]},{"@type":"BreadcrumbList","@id":"https:\/\/uumana.com.co\/?page_id=70#breadcrumb","itemListElement":[{"@type":"ListItem","position":1,"name":"Portada","item":"https:\/\/uumana.com.co\/"},{"@type":"ListItem","position":2,"name":"InFormal Blog"}]},{"@type":"WebSite","@id":"https:\/\/uumana.com.co\/#website","url":"https:\/\/uumana.com.co\/","name":"Uumana Bienestar Personal","description":"Bienestar Emocional","publisher":{"@id":"https:\/\/uumana.com.co\/#organization"},"potentialAction":[{"@type":"SearchAction","target":{"@type":"EntryPoint","urlTemplate":"https:\/\/uumana.com.co\/?s={search_term_string}"},"query-input":{"@type":"PropertyValueSpecification","valueRequired":true,"valueName":"search_term_string"}}],"inLanguage":"es"},{"@type":"Organization","@id":"https:\/\/uumana.com.co\/#organization","name":"Uumana Bienestar Personal","url":"https:\/\/uumana.com.co\/","logo":{"@type":"ImageObject","inLanguage":"es","@id":"https:\/\/uumana.com.co\/#\/schema\/logo\/image\/","url":"https:\/\/uumana.com.co\/wp-content\/uploads\/2023\/03\/Logotipo-05.png","contentUrl":"https:\/\/uumana.com.co\/wp-content\/uploads\/2023\/03\/Logotipo-05.png","width":4500,"height":4501,"caption":"Uumana Bienestar Personal"},"image":{"@id":"https:\/\/uumana.com.co\/#\/schema\/logo\/image\/"},"sameAs":["https:\/\/www.facebook.com\/uumanac","https:\/\/www.instagram.com\/uumana_\/?hl=es-la"]}]}},"_links":{"self":[{"href":"https:\/\/uumana.com.co\/index.php?rest_route=\/wp\/v2\/pages\/70","targetHints":{"allow":["GET"]}}],"collection":[{"href":"https:\/\/uumana.com.co\/index.php?rest_route=\/wp\/v2\/pages"}],"about":[{"href":"https:\/\/uumana.com.co\/index.php?rest_route=\/wp\/v2\/types\/page"}],"author":[{"embeddable":true,"href":"https:\/\/uumana.com.co\/index.php?rest_route=\/wp\/v2\/users\/1"}],"replies":[{"embeddable":true,"href":"https:\/\/uumana.com.co\/index.php?rest_route=%2Fwp%2Fv2%2Fcomments&post=70"}],"version-history":[{"count":13,"href":"https:\/\/uumana.com.co\/index.php?rest_route=\/wp\/v2\/pages\/70\/revisions"}],"predecessor-version":[{"id":916,"href":"https:\/\/uumana.com.co\/index.php?rest_route=\/wp\/v2\/pages\/70\/revisions\/916"}],"wp:attachment":[{"href":"https:\/\/uumana.com.co\/index.php?rest_route=%2Fwp%2Fv2%2Fmedia&parent=70"}],"curies":[{"name":"wp","href":"https:\/\/api.w.org\/{rel}","templated":true}]}}