{"id":66,"date":"2023-03-07T17:05:07","date_gmt":"2023-03-07T17:05:07","guid":{"rendered":"https:\/\/uumana.com.co\/?page_id=66"},"modified":"2025-01-21T18:48:22","modified_gmt":"2025-01-21T23:48:22","slug":"cursos","status":"publish","type":"page","link":"https:\/\/uumana.com.co\/?page_id=66","title":{"rendered":"Cursos"},"content":{"rendered":"<p>[et_pb_section fb_built=&#8221;1&#8243; admin_label=&#8221;Exhibition&#8221; _builder_version=&#8221;4.16&#8243; locked=&#8221;off&#8221; global_colors_info=&#8221;{}&#8221;][et_pb_row _builder_version=&#8221;4.16&#8243; global_colors_info=&#8221;{}&#8221;][et_pb_column type=&#8221;4_4&#8243; _builder_version=&#8221;4.16&#8243; global_colors_info=&#8221;{}&#8221;][et_pb_text _builder_version=&#8221;4.27.4&#8243; text_line_height=&#8221;2em&#8221; header_2_font=&#8221;Karla|700||on|||||&#8221; header_2_text_align=&#8221;center&#8221; header_2_text_color=&#8221;#347f83&#8243; header_2_font_size=&#8221;90px&#8221; header_2_line_height=&#8221;1.2em&#8221; z_index=&#8221;2&#8243; text_orientation=&#8221;right&#8221; hover_enabled=&#8221;0&#8243; header_2_font_size_tablet=&#8221;100px&#8221; header_2_font_size_phone=&#8221;50px&#8221; header_2_font_size_last_edited=&#8221;on|tablet&#8221; locked=&#8221;off&#8221; global_colors_info=&#8221;{}&#8221; sticky_enabled=&#8221;0&#8243;]<\/p>\n<h2>Cursos y Talleres<\/h2>\n<p>[\/et_pb_text][et_pb_image src=&#8221;http:\/\/uumana.com.co\/wp-content\/uploads\/2023\/03\/Fondo-Uumana-Jose_Mesa-de-trabajo-1.png&#8221; title_text=&#8221;Fondo Uumana Jose\u0301_Mesa de trabajo 1&#8243; align=&#8221;right&#8221; _builder_version=&#8221;4.20.1&#8243; positioning=&#8221;absolute&#8221; position_origin_a=&#8221;bottom_right&#8221; vertical_offset=&#8221;-15%&#8221; horizontal_offset=&#8221;-8%&#8221; max_width=&#8221;600px&#8221; max_width_tablet=&#8221;300px&#8221; max_width_phone=&#8221;180px&#8221; max_width_last_edited=&#8221;on|phone&#8221; global_colors_info=&#8221;{}&#8221;][\/et_pb_image][\/et_pb_column][\/et_pb_row][et_pb_row _builder_version=&#8221;4.20.1&#8243; _module_preset=&#8221;default&#8221; hover_enabled=&#8221;0&#8243; global_colors_info=&#8221;{}&#8221; sticky_enabled=&#8221;0&#8243;][et_pb_column type=&#8221;4_4&#8243; _builder_version=&#8221;4.20.1&#8243; _module_preset=&#8221;default&#8221; global_colors_info=&#8221;{}&#8221;][et_pb_text _builder_version=&#8221;4.27.4&#8243; _module_preset=&#8221;default&#8221; header_3_font=&#8221;Convergence||||||||&#8221; header_3_text_align=&#8221;justify&#8221; header_3_line_height=&#8221;1.4em&#8221; hover_enabled=&#8221;0&#8243; header_3_font_size_tablet=&#8221;&#8221; header_3_font_size_phone=&#8221;17px&#8221; header_3_font_size_last_edited=&#8221;on|phone&#8221; global_colors_info=&#8221;{}&#8221; sticky_enabled=&#8221;0&#8243;]<\/p>\n<h3><span style=\"font-weight: 400;\">Para nosotras es un gusto poder contribuir en tu crecimiento personal y salud mental, reconocemos la necesidad de cuidar las relaciones de pareja, pues es una de las esferas m\u00e1s importantes en nuestra vida, por eso ponemos a tu servicio nuestro conocimiento y experiencia.<\/span><\/h3>\n<h3><span style=\"font-weight: 400;\">Cuando compartimos nuestra vida con alguien m\u00e1s son muchas las experiencias enriquecedoras en pareja y personales, sacar todo lo bueno de una relaci\u00f3n es sencillo, pero tambi\u00e9n lo es que esa relaci\u00f3n se da\u00f1e, las relaciones de pareja exitosas tienen unos pilares a cumplir, cuando estos est\u00e1n desarrollados podemos hablar de una pareja fuerte y protegida.<\/span><\/h3>\n<p>[\/et_pb_text][\/et_pb_column][\/et_pb_row][\/et_pb_section][et_pb_section fb_built=&#8221;1&#8243; _builder_version=&#8221;4.20.1&#8243; _module_preset=&#8221;default&#8221; background_color=&#8221;#f4d8cd&#8221; global_colors_info=&#8221;{}&#8221;][et_pb_row column_structure=&#8221;1_5,3_5,1_5&#8243; _builder_version=&#8221;4.16&#8243; global_colors_info=&#8221;{}&#8221;][et_pb_column type=&#8221;1_5&#8243; _builder_version=&#8221;4.16&#8243; global_colors_info=&#8221;{}&#8221;][et_pb_button button_url=&#8221;@ET-DC@eyJkeW5hbWljIjp0cnVlLCJjb250ZW50IjoicG9zdF9saW5rX3VybF9wYWdlIiwic2V0dGluZ3MiOnsicG9zdF9pZCI6IjUwOCJ9fQ==@&#8221; button_text=&#8221;Quiero entrar a la lista para recibir informaci\u00f3n sobre fechas y precios&#8221; button_alignment=&#8221;center&#8221; _builder_version=&#8221;4.27.4&#8243; _dynamic_attributes=&#8221;button_url&#8221; _module_preset=&#8221;default&#8221; custom_button=&#8221;on&#8221; button_text_size=&#8221;16px&#8221; button_text_color=&#8221;#FFFFFF&#8221; button_bg_color=&#8221;#3875a7&#8243; button_border_radius=&#8221;10px&#8221; button_font=&#8221;&#8211;et_global_heading_font||||||||&#8221; custom_margin=&#8221;60px|-95px||-95px|false|true&#8221; custom_margin_tablet=&#8221;60px|-95px||-95px|false|true&#8221; custom_margin_phone=&#8221;60px|-10px||-10px|false|true&#8221; custom_margin_last_edited=&#8221;on|phone&#8221; custom_padding=&#8221;||||false|false&#8221; hover_enabled=&#8221;0&#8243; global_colors_info=&#8221;{}&#8221; sticky_enabled=&#8221;0&#8243;][\/et_pb_button][\/et_pb_column][et_pb_column type=&#8221;3_5&#8243; _builder_version=&#8221;4.16&#8243; global_colors_info=&#8221;{}&#8221;][et_pb_blurb image=&#8221;http:\/\/uumana.com.co\/wp-content\/uploads\/2023\/04\/1.png&#8221; content_max_width=&#8221;75%&#8221; _builder_version=&#8221;4.20.4&#8243; header_font=&#8221;Merriweather||||||||&#8221; header_font_size=&#8221;40px&#8221; header_line_height=&#8221;1.2em&#8221; body_font=&#8221;|600|||||||&#8221; body_text_color=&#8221;#fd6927&#8243; body_line_height=&#8221;1.8em&#8221; animation=&#8221;off&#8221; header_font_size_tablet=&#8221;20px&#8221; header_font_size_phone=&#8221;18px&#8221; header_font_size_last_edited=&#8221;on|phone&#8221; global_colors_info=&#8221;{}&#8221;][\/et_pb_blurb][\/et_pb_column][et_pb_column type=&#8221;1_5&#8243; _builder_version=&#8221;4.16&#8243; global_colors_info=&#8221;{}&#8221;][et_pb_text _builder_version=&#8221;4.27.4&#8243; text_line_height=&#8221;2em&#8221; link_font=&#8221;Merriweather||||||||&#8221; link_text_color=&#8221;#ffffff&#8221; link_font_size=&#8221;32px&#8221; link_line_height=&#8221;1.4em&#8221; header_3_font_size=&#8221;15px&#8221; header_5_font=&#8221;Merriweather||||||||&#8221; header_5_font_size=&#8221;36px&#8221; header_6_font=&#8221;&#8211;et_global_heading_font|700||on|||||&#8221; header_6_line_height=&#8221;1.2em&#8221; background_color=&#8221;#ecab76&#8243; text_orientation=&#8221;right&#8221; background_layout=&#8221;dark&#8221; custom_margin=&#8221;|||-100%|false|false&#8221; custom_margin_tablet=&#8221;|||0%|false|false&#8221; custom_margin_phone=&#8221;&#8221; custom_margin_last_edited=&#8221;on|tablet&#8221; custom_padding=&#8221;90px|30px|20px|30px|false|true&#8221; hover_enabled=&#8221;0&#8243; header_5_font_size_tablet=&#8221;30px&#8221; header_5_font_size_phone=&#8221;26px&#8221; header_5_font_size_last_edited=&#8221;on|phone&#8221; header_6_font_size_tablet=&#8221;20px&#8221; header_6_font_size_phone=&#8221;18px&#8221; header_6_font_size_last_edited=&#8221;off|desktop&#8221; locked=&#8221;off&#8221; global_colors_info=&#8221;{}&#8221; header_3_font=&#8221;&#8211;et_global_body_font||||||||&#8221; sticky_enabled=&#8221;0&#8243;]<\/p>\n<h6><span style=\"font-size: 16px;\">Logra todo esto en 5 sesiones\u00a0<\/span><\/h6>\n<div>\n<p>&nbsp;<\/p>\n<\/div>\n<h3>\u00bfPara qui\u00e9n es este curso?<span>\u00a0<\/span><span class=\"wsw-07\">Personas que est\u00e9n en una relaci\u00f3n, pueden tomar el curso en pareja o de forma individual<\/span><\/h3>\n<p><span style=\"text-decoration: underline;\"><em><a href=\"http:\/\/uumana.com.co\/wp-content\/uploads\/2023\/04\/Instructivo-curso-CFNRMX-1.pdf\" target=\"_blank\" rel=\"noopener\">Ver instructivo<\/a><\/em><\/span><\/p>\n<p>[\/et_pb_text][\/et_pb_column][\/et_pb_row][et_pb_row column_structure=&#8221;1_5,3_5,1_5&#8243; _builder_version=&#8221;4.16&#8243; global_colors_info=&#8221;{}&#8221;][et_pb_column type=&#8221;1_5&#8243; _builder_version=&#8221;4.16&#8243; global_colors_info=&#8221;{}&#8221;][et_pb_button button_url=&#8221;@ET-DC@eyJkeW5hbWljIjp0cnVlLCJjb250ZW50IjoicG9zdF9saW5rX3VybF9wYWdlIiwic2V0dGluZ3MiOnsicG9zdF9pZCI6IjUwOCJ9fQ==@&#8221; button_text=&#8221;Quiero entrar a la lista para recibir informaci\u00f3n sobre fechas y precios&#8221; button_alignment=&#8221;center&#8221; _builder_version=&#8221;4.27.4&#8243; _dynamic_attributes=&#8221;button_url&#8221; _module_preset=&#8221;default&#8221; custom_button=&#8221;on&#8221; button_text_size=&#8221;16px&#8221; button_text_color=&#8221;#FFFFFF&#8221; button_bg_color=&#8221;#3875a7&#8243; button_border_radius=&#8221;10px&#8221; button_font=&#8221;&#8211;et_global_heading_font||||||||&#8221; custom_margin=&#8221;60px|-95px||-95px|false|true&#8221; custom_margin_tablet=&#8221;60px|-95px||-95px|false|true&#8221; custom_margin_phone=&#8221;|-10px||-10px|false|true&#8221; custom_margin_last_edited=&#8221;on|phone&#8221; custom_padding=&#8221;||||false|false&#8221; hover_enabled=&#8221;0&#8243; global_colors_info=&#8221;{}&#8221; sticky_enabled=&#8221;0&#8243;][\/et_pb_button][\/et_pb_column][et_pb_column type=&#8221;3_5&#8243; _builder_version=&#8221;4.16&#8243; global_colors_info=&#8221;{}&#8221;][et_pb_blurb image=&#8221;http:\/\/uumana.com.co\/wp-content\/uploads\/2023\/04\/3.png&#8221; content_max_width=&#8221;75%&#8221; _builder_version=&#8221;4.20.4&#8243; header_font=&#8221;Merriweather||||||||&#8221; header_font_size=&#8221;40px&#8221; header_line_height=&#8221;1.2em&#8221; body_font=&#8221;|600|||||||&#8221; body_text_color=&#8221;#fd6927&#8243; body_line_height=&#8221;1.8em&#8221; animation=&#8221;off&#8221; header_font_size_tablet=&#8221;20px&#8221; header_font_size_phone=&#8221;18px&#8221; header_font_size_last_edited=&#8221;on|phone&#8221; global_colors_info=&#8221;{}&#8221;][\/et_pb_blurb][\/et_pb_column][et_pb_column type=&#8221;1_5&#8243; _builder_version=&#8221;4.16&#8243; global_colors_info=&#8221;{}&#8221;][et_pb_text _builder_version=&#8221;4.27.4&#8243; text_line_height=&#8221;2em&#8221; link_font=&#8221;Merriweather||||||||&#8221; link_text_color=&#8221;#ffffff&#8221; link_font_size=&#8221;32px&#8221; link_line_height=&#8221;1.4em&#8221; header_3_font_size=&#8221;15px&#8221; header_5_font=&#8221;Merriweather||||||||&#8221; header_5_font_size=&#8221;36px&#8221; header_6_font=&#8221;&#8211;et_global_heading_font|700||on|||||&#8221; header_6_line_height=&#8221;1.2em&#8221; background_color=&#8221;#ecab76&#8243; text_orientation=&#8221;right&#8221; background_layout=&#8221;dark&#8221; custom_margin=&#8221;|||-100%|false|false&#8221; custom_margin_tablet=&#8221;|||0%|false|false&#8221; custom_margin_phone=&#8221;&#8221; custom_margin_last_edited=&#8221;on|tablet&#8221; custom_padding=&#8221;90px|30px|20px|30px|false|true&#8221; hover_enabled=&#8221;0&#8243; header_5_font_size_tablet=&#8221;30px&#8221; header_5_font_size_phone=&#8221;26px&#8221; header_5_font_size_last_edited=&#8221;on|phone&#8221; header_6_font_size_tablet=&#8221;20px&#8221; header_6_font_size_phone=&#8221;18px&#8221; header_6_font_size_last_edited=&#8221;off|desktop&#8221; locked=&#8221;off&#8221; global_colors_info=&#8221;{}&#8221; header_3_font=&#8221;&#8211;et_global_body_font||||||||&#8221; sticky_enabled=&#8221;0&#8243;]<\/p>\n<h6><span style=\"font-size: 16px;\">Logra todo esto en 5 sesiones\u00a0<\/span><\/h6>\n<div>\n<p>&nbsp;<\/p>\n<\/div>\n<h3>\u00bfPara qui\u00e9n es este curso?<span>\u00a0<\/span><span class=\"wsw-07\">Personas solteras o que acaban de iniciar una relaci\u00f3n<\/span><\/h3>\n<p><span style=\"text-decoration: underline;\"><em><a href=\"http:\/\/uumana.com.co\/wp-content\/uploads\/2023\/04\/Instructivo-curso-CCRPSMX-1.pdf\" target=\"_blank\" rel=\"noopener\">Ver instructivo<\/a><\/em><\/span><\/p>\n<p>[\/et_pb_text][\/et_pb_column][\/et_pb_row][\/et_pb_section][et_pb_section fb_built=&#8221;1&#8243; admin_label=&#8221;Footer&#8221; _builder_version=&#8221;4.27.4&#8243; background_color=&#8221;#FFFFFF&#8221; overflow-x=&#8221;hidden&#8221; overflow-y=&#8221;hidden&#8221; custom_padding=&#8221;||6px|||&#8221; global_module=&#8221;206&#8243; saved_tabs=&#8221;all&#8221; locked=&#8221;off&#8221; global_colors_info=&#8221;{}&#8221;][et_pb_row column_structure=&#8221;1_3,2_3&#8243; _builder_version=&#8221;4.27.4&#8243; _module_preset=&#8221;default&#8221; global_colors_info=&#8221;{}&#8221;][et_pb_column type=&#8221;1_3&#8243; _builder_version=&#8221;4.27.4&#8243; _module_preset=&#8221;default&#8221; global_colors_info=&#8221;{}&#8221;][\/et_pb_column][et_pb_column type=&#8221;2_3&#8243; _builder_version=&#8221;4.27.4&#8243; _module_preset=&#8221;default&#8221; global_colors_info=&#8221;{}&#8221;][et_pb_text _builder_version=&#8221;4.27.4&#8243; _module_preset=&#8221;default&#8221; text_font=&#8221;Karla|700|||||||&#8221; text_text_color=&#8221;#3875a7&#8243; text_font_size=&#8221;32px&#8221; text_orientation=&#8221;center&#8221; global_colors_info=&#8221;{}&#8221;]<\/p>\n<p>CONTACTO:<\/p>\n<p>[\/et_pb_text][\/et_pb_column][\/et_pb_row][et_pb_row column_structure=&#8221;1_3,1_3,1_3&#8243; use_custom_gutter=&#8221;on&#8221; gutter_width=&#8221;2&#8243; _builder_version=&#8221;4.27.4&#8243; global_colors_info=&#8221;{}&#8221;][et_pb_column type=&#8221;1_3&#8243; _builder_version=&#8221;4.16&#8243; global_colors_info=&#8221;{}&#8221;][et_pb_image src=&#8221;http:\/\/uumana.com.co\/wp-content\/uploads\/2023\/03\/Logotipo-05.png&#8221; title_text=&#8221;Logotipo-05&#8243; align=&#8221;center&#8221; _builder_version=&#8221;4.27.4&#8243; _module_preset=&#8221;default&#8221; custom_margin=&#8221;-140px||||false|false&#8221; custom_margin_tablet=&#8221;&#8221; custom_margin_phone=&#8221;-100px||-100px||true|false&#8221; custom_margin_last_edited=&#8221;on|desktop&#8221; global_colors_info=&#8221;{}&#8221;][\/et_pb_image][\/et_pb_column][et_pb_column type=&#8221;1_3&#8243; _builder_version=&#8221;4.16&#8243; global_colors_info=&#8221;{}&#8221;][et_pb_text _builder_version=&#8221;4.27.4&#8243; text_font=&#8221;Karla|600||on|||||&#8221; text_text_color=&#8221;#3875a7&#8243; text_font_size=&#8221;22px&#8221; text_line_height=&#8221;2em&#8221; link_text_color=&#8221;#000000&#8243; header_6_font=&#8221;Sculpin|700||on|||||&#8221; header_6_text_color=&#8221;#f4d8cd&#8221; header_6_font_size=&#8221;12px&#8221; header_6_letter_spacing=&#8221;2px&#8221; header_6_line_height=&#8221;1.2em&#8221; text_orientation=&#8221;center&#8221; text_font_size_tablet=&#8221;18px&#8221; text_font_size_phone=&#8221;16px&#8221; text_font_size_last_edited=&#8221;on|desktop&#8221; locked=&#8221;off&#8221; global_colors_info=&#8221;{}&#8221;]<\/p>\n<p>Tel\u00e9fono<\/p>\n<p><span style=\"font-weight: 400;\">(+52) 722 111 64 57 <\/span><\/p>\n<p>[\/et_pb_text][\/et_pb_column][et_pb_column type=&#8221;1_3&#8243; _builder_version=&#8221;4.27.4&#8243; global_colors_info=&#8221;{}&#8221;][et_pb_text _builder_version=&#8221;4.27.4&#8243; text_font=&#8221;Karla|600|||||||&#8221; text_text_color=&#8221;#3875a7&#8243; text_font_size=&#8221;22px&#8221; text_line_height=&#8221;2em&#8221; link_text_color=&#8221;#000000&#8243; header_6_font=&#8221;Sculpin|700||on|||||&#8221; header_6_text_color=&#8221;#f4d8cd&#8221; header_6_font_size=&#8221;12px&#8221; header_6_letter_spacing=&#8221;2px&#8221; header_6_line_height=&#8221;1.2em&#8221; text_orientation=&#8221;center&#8221; text_font_size_tablet=&#8221;18px&#8221; text_font_size_phone=&#8221;16px&#8221; text_font_size_last_edited=&#8221;on|desktop&#8221; locked=&#8221;off&#8221; global_colors_info=&#8221;{}&#8221;]<\/p>\n<p>EMAIL<\/p>\n<p>hablemos@uumana.com.co<\/p>\n<p>[\/et_pb_text][\/et_pb_column][\/et_pb_row][\/et_pb_section]<\/p>\n","protected":false},"excerpt":{"rendered":"<p>Cursos y TalleresPara nosotras es un gusto poder contribuir en tu crecimiento personal y salud mental, reconocemos la necesidad de cuidar las relaciones de pareja, pues es una de las esferas m\u00e1s importantes en nuestra vida, por eso ponemos a tu servicio nuestro conocimiento y experiencia. Cuando compartimos nuestra vida con alguien m\u00e1s son muchas [&hellip;]<\/p>\n","protected":false},"author":1,"featured_media":0,"parent":0,"menu_order":0,"comment_status":"closed","ping_status":"closed","template":"","meta":{"_et_pb_use_builder":"on","_et_pb_old_content":"<!-- wp:divi\/placeholder \/-->","_et_gb_content_width":"","footnotes":""},"class_list":["post-66","page","type-page","status-publish","hentry"],"yoast_head":"<!-- This site is optimized with the Yoast SEO plugin v24.3 - https:\/\/yoast.com\/wordpress\/plugins\/seo\/ -->\n<title>Cursos - Uumana<\/title>\n<meta name=\"description\" content=\"Para nosotras es un gusto poder contribuir en tu crecimiento personal y salud mental, reconocemos la necesidad de cuidar las relaciones de pareja, pues es una de las esferas m\u00e1s importantes en nuestra vida, por eso ponemos a tu servicio nuestro conocimiento y experiencia.\" \/>\n<meta name=\"robots\" content=\"index, follow, max-snippet:-1, max-image-preview:large, max-video-preview:-1\" \/>\n<link rel=\"canonical\" href=\"https:\/\/uumana.com.co\/?page_id=66\" \/>\n<meta property=\"og:locale\" content=\"es_ES\" \/>\n<meta property=\"og:type\" content=\"article\" \/>\n<meta property=\"og:title\" content=\"Cursos - Uumana\" \/>\n<meta property=\"og:description\" content=\"Para nosotras es un gusto poder contribuir en tu crecimiento personal y salud mental, reconocemos la necesidad de cuidar las relaciones de pareja, pues es una de las esferas m\u00e1s importantes en nuestra vida, por eso ponemos a tu servicio nuestro conocimiento y experiencia.\" \/>\n<meta property=\"og:url\" content=\"https:\/\/uumana.com.co\/?page_id=66\" \/>\n<meta property=\"og:site_name\" content=\"Uumana\" \/>\n<meta property=\"article:publisher\" content=\"https:\/\/www.facebook.com\/uumanac\" \/>\n<meta property=\"article:modified_time\" content=\"2025-01-21T23:48:22+00:00\" \/>\n<meta name=\"twitter:card\" content=\"summary_large_image\" \/>\n<meta name=\"twitter:label1\" content=\"Tiempo de lectura\" \/>\n\t<meta name=\"twitter:data1\" content=\"3 minutos\" \/>\n<script type=\"application\/ld+json\" class=\"yoast-schema-graph\">{\"@context\":\"https:\/\/schema.org\",\"@graph\":[{\"@type\":\"WebPage\",\"@id\":\"https:\/\/uumana.com.co\/?page_id=66\",\"url\":\"https:\/\/uumana.com.co\/?page_id=66\",\"name\":\"Cursos - Uumana\",\"isPartOf\":{\"@id\":\"https:\/\/uumana.com.co\/#website\"},\"datePublished\":\"2023-03-07T17:05:07+00:00\",\"dateModified\":\"2025-01-21T23:48:22+00:00\",\"description\":\"Para nosotras es un gusto poder contribuir en tu crecimiento personal y salud mental, reconocemos la necesidad de cuidar las relaciones de pareja, pues es una de las esferas m\u00e1s importantes en nuestra vida, por eso ponemos a tu servicio nuestro conocimiento y experiencia.\",\"breadcrumb\":{\"@id\":\"https:\/\/uumana.com.co\/?page_id=66#breadcrumb\"},\"inLanguage\":\"es\",\"potentialAction\":[{\"@type\":\"ReadAction\",\"target\":[\"https:\/\/uumana.com.co\/?page_id=66\"]}]},{\"@type\":\"BreadcrumbList\",\"@id\":\"https:\/\/uumana.com.co\/?page_id=66#breadcrumb\",\"itemListElement\":[{\"@type\":\"ListItem\",\"position\":1,\"name\":\"Portada\",\"item\":\"https:\/\/uumana.com.co\/\"},{\"@type\":\"ListItem\",\"position\":2,\"name\":\"Cursos\"}]},{\"@type\":\"WebSite\",\"@id\":\"https:\/\/uumana.com.co\/#website\",\"url\":\"https:\/\/uumana.com.co\/\",\"name\":\"Uumana Bienestar Personal\",\"description\":\"Bienestar Emocional\",\"publisher\":{\"@id\":\"https:\/\/uumana.com.co\/#organization\"},\"potentialAction\":[{\"@type\":\"SearchAction\",\"target\":{\"@type\":\"EntryPoint\",\"urlTemplate\":\"https:\/\/uumana.com.co\/?s={search_term_string}\"},\"query-input\":{\"@type\":\"PropertyValueSpecification\",\"valueRequired\":true,\"valueName\":\"search_term_string\"}}],\"inLanguage\":\"es\"},{\"@type\":\"Organization\",\"@id\":\"https:\/\/uumana.com.co\/#organization\",\"name\":\"Uumana Bienestar Personal\",\"url\":\"https:\/\/uumana.com.co\/\",\"logo\":{\"@type\":\"ImageObject\",\"inLanguage\":\"es\",\"@id\":\"https:\/\/uumana.com.co\/#\/schema\/logo\/image\/\",\"url\":\"https:\/\/uumana.com.co\/wp-content\/uploads\/2023\/03\/Logotipo-05.png\",\"contentUrl\":\"https:\/\/uumana.com.co\/wp-content\/uploads\/2023\/03\/Logotipo-05.png\",\"width\":4500,\"height\":4501,\"caption\":\"Uumana Bienestar Personal\"},\"image\":{\"@id\":\"https:\/\/uumana.com.co\/#\/schema\/logo\/image\/\"},\"sameAs\":[\"https:\/\/www.facebook.com\/uumanac\",\"https:\/\/www.instagram.com\/uumana_\/?hl=es-la\"]}]}<\/script>\n<!-- \/ Yoast SEO plugin. -->","yoast_head_json":{"title":"Cursos - Uumana","description":"Para nosotras es un gusto poder contribuir en tu crecimiento personal y salud mental, reconocemos la necesidad de cuidar las relaciones de pareja, pues es una de las esferas m\u00e1s importantes en nuestra vida, por eso ponemos a tu servicio nuestro conocimiento y experiencia.","robots":{"index":"index","follow":"follow","max-snippet":"max-snippet:-1","max-image-preview":"max-image-preview:large","max-video-preview":"max-video-preview:-1"},"canonical":"https:\/\/uumana.com.co\/?page_id=66","og_locale":"es_ES","og_type":"article","og_title":"Cursos - Uumana","og_description":"Para nosotras es un gusto poder contribuir en tu crecimiento personal y salud mental, reconocemos la necesidad de cuidar las relaciones de pareja, pues es una de las esferas m\u00e1s importantes en nuestra vida, por eso ponemos a tu servicio nuestro conocimiento y experiencia.","og_url":"https:\/\/uumana.com.co\/?page_id=66","og_site_name":"Uumana","article_publisher":"https:\/\/www.facebook.com\/uumanac","article_modified_time":"2025-01-21T23:48:22+00:00","twitter_card":"summary_large_image","twitter_misc":{"Tiempo de lectura":"3 minutos"},"schema":{"@context":"https:\/\/schema.org","@graph":[{"@type":"WebPage","@id":"https:\/\/uumana.com.co\/?page_id=66","url":"https:\/\/uumana.com.co\/?page_id=66","name":"Cursos - Uumana","isPartOf":{"@id":"https:\/\/uumana.com.co\/#website"},"datePublished":"2023-03-07T17:05:07+00:00","dateModified":"2025-01-21T23:48:22+00:00","description":"Para nosotras es un gusto poder contribuir en tu crecimiento personal y salud mental, reconocemos la necesidad de cuidar las relaciones de pareja, pues es una de las esferas m\u00e1s importantes en nuestra vida, por eso ponemos a tu servicio nuestro conocimiento y experiencia.","breadcrumb":{"@id":"https:\/\/uumana.com.co\/?page_id=66#breadcrumb"},"inLanguage":"es","potentialAction":[{"@type":"ReadAction","target":["https:\/\/uumana.com.co\/?page_id=66"]}]},{"@type":"BreadcrumbList","@id":"https:\/\/uumana.com.co\/?page_id=66#breadcrumb","itemListElement":[{"@type":"ListItem","position":1,"name":"Portada","item":"https:\/\/uumana.com.co\/"},{"@type":"ListItem","position":2,"name":"Cursos"}]},{"@type":"WebSite","@id":"https:\/\/uumana.com.co\/#website","url":"https:\/\/uumana.com.co\/","name":"Uumana Bienestar Personal","description":"Bienestar Emocional","publisher":{"@id":"https:\/\/uumana.com.co\/#organization"},"potentialAction":[{"@type":"SearchAction","target":{"@type":"EntryPoint","urlTemplate":"https:\/\/uumana.com.co\/?s={search_term_string}"},"query-input":{"@type":"PropertyValueSpecification","valueRequired":true,"valueName":"search_term_string"}}],"inLanguage":"es"},{"@type":"Organization","@id":"https:\/\/uumana.com.co\/#organization","name":"Uumana Bienestar Personal","url":"https:\/\/uumana.com.co\/","logo":{"@type":"ImageObject","inLanguage":"es","@id":"https:\/\/uumana.com.co\/#\/schema\/logo\/image\/","url":"https:\/\/uumana.com.co\/wp-content\/uploads\/2023\/03\/Logotipo-05.png","contentUrl":"https:\/\/uumana.com.co\/wp-content\/uploads\/2023\/03\/Logotipo-05.png","width":4500,"height":4501,"caption":"Uumana Bienestar Personal"},"image":{"@id":"https:\/\/uumana.com.co\/#\/schema\/logo\/image\/"},"sameAs":["https:\/\/www.facebook.com\/uumanac","https:\/\/www.instagram.com\/uumana_\/?hl=es-la"]}]}},"_links":{"self":[{"href":"https:\/\/uumana.com.co\/index.php?rest_route=\/wp\/v2\/pages\/66","targetHints":{"allow":["GET"]}}],"collection":[{"href":"https:\/\/uumana.com.co\/index.php?rest_route=\/wp\/v2\/pages"}],"about":[{"href":"https:\/\/uumana.com.co\/index.php?rest_route=\/wp\/v2\/types\/page"}],"author":[{"embeddable":true,"href":"https:\/\/uumana.com.co\/index.php?rest_route=\/wp\/v2\/users\/1"}],"replies":[{"embeddable":true,"href":"https:\/\/uumana.com.co\/index.php?rest_route=%2Fwp%2Fv2%2Fcomments&post=66"}],"version-history":[{"count":32,"href":"https:\/\/uumana.com.co\/index.php?rest_route=\/wp\/v2\/pages\/66\/revisions"}],"predecessor-version":[{"id":921,"href":"https:\/\/uumana.com.co\/index.php?rest_route=\/wp\/v2\/pages\/66\/revisions\/921"}],"wp:attachment":[{"href":"https:\/\/uumana.com.co\/index.php?rest_route=%2Fwp%2Fv2%2Fmedia&parent=66"}],"curies":[{"name":"wp","href":"https:\/\/api.w.org\/{rel}","templated":true}]}}