{"id":590,"date":"2023-04-14T10:19:30","date_gmt":"2023-04-14T15:19:30","guid":{"rendered":"https:\/\/uumana.com.co\/?page_id=590"},"modified":"2025-01-21T19:12:41","modified_gmt":"2025-01-22T00:12:41","slug":"calendario-tessa-yanez","status":"publish","type":"page","link":"https:\/\/uumana.com.co\/?page_id=590","title":{"rendered":"Calendario Tessa Y\u00e1\u00f1ez"},"content":{"rendered":"<p>[et_pb_section fb_built=&#8221;1&#8243; _builder_version=&#8221;4.20.4&#8243; _module_preset=&#8221;default&#8221; background_color=&#8221;#f4d8cd&#8221; global_colors_info=&#8221;{}&#8221;][et_pb_row _builder_version=&#8221;4.20.4&#8243; _module_preset=&#8221;default&#8221; global_colors_info=&#8221;{}&#8221;][et_pb_column type=&#8221;4_4&#8243; _builder_version=&#8221;4.20.4&#8243; _module_preset=&#8221;default&#8221; global_colors_info=&#8221;{}&#8221;][et_pb_video src=&#8221;http:\/\/uumana.com.co\/wp-content\/uploads\/2023\/04\/lv_0_20230416232341.mp4&#8243; image_src_tablet=&#8221;&#8221; image_src_phone=&#8221;http:\/\/uumana.com.co\/wp-content\/uploads\/2023\/03\/Isotipo-03.png&#8221; image_src_last_edited=&#8221;on|phone&#8221; _builder_version=&#8221;4.21.0&#8243; _module_preset=&#8221;default&#8221; global_colors_info=&#8221;{}&#8221;][\/et_pb_video][\/et_pb_column][\/et_pb_row][et_pb_row column_structure=&#8221;1_2,1_2&#8243; use_custom_gutter=&#8221;on&#8221; make_equal=&#8221;on&#8221; custom_padding_last_edited=&#8221;on|phone&#8221; _builder_version=&#8221;4.20.4&#8243; _module_preset=&#8221;default&#8221; width=&#8221;100%&#8221; module_alignment=&#8221;center&#8221; custom_margin=&#8221;|auto|30px|auto||&#8221; custom_margin_tablet=&#8221;||30px||false|true&#8221; custom_margin_phone=&#8221;||30px||false|true&#8221; custom_margin_last_edited=&#8221;on|tablet&#8221; custom_padding_tablet=&#8221;|30px||30px|false|true&#8221; custom_padding_phone=&#8221;|30px||30px|false|true&#8221; global_colors_info=&#8221;{}&#8221;][et_pb_column type=&#8221;1_2&#8243; _builder_version=&#8221;4.20.4&#8243; _module_preset=&#8221;default&#8221; global_colors_info=&#8221;{}&#8221;][et_pb_text _builder_version=&#8221;4.27.4&#8243; _module_preset=&#8221;default&#8221; text_font=&#8221;&#8211;et_global_body_font||||||||&#8221; text_text_color=&#8221;#005ba5&#8243; header_font=&#8221;&#8211;et_global_heading_font||||||||&#8221; header_text_color=&#8221;#005ba5&#8243; text_orientation=&#8221;justified&#8221; hover_enabled=&#8221;0&#8243; global_colors_info=&#8221;{}&#8221; sticky_enabled=&#8221;0&#8243;]<\/p>\n<h1><span style=\"font-weight: 400;\">Pasos para agendar:<\/span><\/h1>\n<ul>\n<li>Agenda tu sesi\u00f3n, el d\u00eda y la hora que est\u00e9 disponible y sea m\u00e1s accesible para ti.<\/li>\n<li>A\u00f1ade a tu carrito la opci\u00f3n de sesi\u00f3n que solicitaste.<\/li>\n<li>Finaliza la compra a trav\u00e9s de nuestros diferentes medios de pago.<\/li>\n<\/ul>\n<p>Para que tu sesi\u00f3n sea asignada a la terapeuta debe haberse realizado el pago.<\/p>\n<p>NOTA: Si tienes alguna duda o problemas para realizar el pago, por favor ponte en contacto con algunos de nuestros asesores tocando el bot\u00f3n de WhatsApp o agr\u00e9ganos y escr\u00edbenos (+52 722 111 6457)<\/p>\n<p>[\/et_pb_text][\/et_pb_column][et_pb_column type=&#8221;1_2&#8243; _builder_version=&#8221;4.20.4&#8243; _module_preset=&#8221;default&#8221; global_colors_info=&#8221;{}&#8221;][et_pb_text _builder_version=&#8221;4.20.4&#8243; _module_preset=&#8221;default&#8221; text_font=&#8221;&#8211;et_global_body_font||||||||&#8221; text_text_color=&#8221;#005ba5&#8243; header_font=&#8221;&#8211;et_global_heading_font||||||||&#8221; header_text_color=&#8221;#005ba5&#8243; text_orientation=&#8221;justified&#8221; global_colors_info=&#8221;{}&#8221;]<\/p>\n<h1><span style=\"font-weight: 400;\">Recomendaciones:<\/span><\/h1>\n<ul>\n<li>Encuentra un espacio privado y con buena se\u00f1al de internet.<\/li>\n<li>Descon\u00e9ctate de las distracciones: silencia tu tel\u00e9fono, avisa en tu casa, no hagas otras actividades durante la sesi\u00f3n\u2026<\/li>\n<li>Toma una postura de sentado c\u00f3moda y ubica tu computador o celular frente a ti (es importante que no lo tengas que sostener toda la sesi\u00f3n, esto te cansar\u00e1).<\/li>\n<\/ul>\n<p>[\/et_pb_text][\/et_pb_column][\/et_pb_row][et_pb_row column_structure=&#8221;1_2,1_2&#8243; use_custom_gutter=&#8221;on&#8221; gutter_width=&#8221;1&#8243; make_equal=&#8221;on&#8221; _builder_version=&#8221;4.20.4&#8243; _module_preset=&#8221;default&#8221; width=&#8221;100%&#8221; module_alignment=&#8221;center&#8221; global_colors_info=&#8221;{}&#8221;][et_pb_column type=&#8221;1_2&#8243; _builder_version=&#8221;4.20.4&#8243; _module_preset=&#8221;default&#8221; global_colors_info=&#8221;{}&#8221;][et_pb_code _builder_version=&#8221;4.20.4&#8243; _module_preset=&#8221;default&#8221; global_colors_info=&#8221;{}&#8221;]<!-- Principio del widget integrado de Calendly --><!-- [et_pb_line_break_holder] --><\/p>\n<div class=\"calendly-inline-widget\" data-url=\"https:\/\/calendly.com\/tessauumana\/60min?hide_event_type_details=1\" style=\"min-width:320px;height:630px;\"><\/div>\n<p><!-- [et_pb_line_break_holder] --><script type=\"text\/javascript\" src=\"https:\/\/assets.calendly.com\/assets\/external\/widget.js\" async><\/script><!-- [et_pb_line_break_holder] --><!-- Final del widget integrado de Calendly -->[\/et_pb_code][\/et_pb_column][et_pb_column type=&#8221;1_2&#8243; _builder_version=&#8221;4.20.4&#8243; _module_preset=&#8221;default&#8221; global_colors_info=&#8221;{}&#8221;][et_pb_wc_title product=&#8221;312&#8243; _builder_version=&#8221;4.20.4&#8243; header_font_size=&#8221;28px&#8221; custom_padding=&#8221;|30px|20px|30px|false|true&#8221; custom_padding_tablet=&#8221;|30px|20px|30px|false|true&#8221; custom_padding_phone=&#8221;|10px||10px|false|true&#8221; custom_padding_last_edited=&#8221;on|desktop&#8221; global_colors_info=&#8221;{}&#8221;][\/et_pb_wc_title][et_pb_wc_rating product=&#8221;312&#8243; _builder_version=&#8221;4.20.4&#8243; rating_text_color=&#8221;#EDF000&#8243; custom_padding=&#8221;||20px|30px|false|false&#8221; custom_padding_tablet=&#8221;||20px|30px|false|false&#8221; custom_padding_phone=&#8221;|||10px|false|false&#8221; custom_padding_last_edited=&#8221;on|phone&#8221; global_colors_info=&#8221;{}&#8221;][\/et_pb_wc_rating][et_pb_wc_price product=&#8221;312&#8243; _builder_version=&#8221;4.20.4&#8243; body_text_color=&#8221;#000000&#8243; custom_padding=&#8221;||20px|30px|false|false&#8221; custom_padding_tablet=&#8221;||20px|30px|false|false&#8221; custom_padding_phone=&#8221;||20px|10px|false|false&#8221; custom_padding_last_edited=&#8221;on|desktop&#8221; global_colors_info=&#8221;{}&#8221;][\/et_pb_wc_price][et_pb_wc_description _builder_version=&#8221;4.16&#8243; global_colors_info=&#8221;{}&#8221;][\/et_pb_wc_description][et_pb_wc_add_to_cart product=&#8221;312&#8243; _builder_version=&#8221;4.20.4&#8243; custom_button=&#8221;on&#8221; button_text_color=&#8221;#FFFFFF&#8221; button_bg_color=&#8221;#3875a7&#8243; button_border_radius=&#8221;8px&#8221; custom_padding=&#8221;||20px|30px|false|false&#8221; custom_padding_tablet=&#8221;||20px|30px|false|false&#8221; custom_padding_phone=&#8221;|||10px|false|false&#8221; custom_padding_last_edited=&#8221;on|desktop&#8221; border_radii=&#8221;on|10px|10px|10px|10px&#8221; global_colors_info=&#8221;{}&#8221;][\/et_pb_wc_add_to_cart][et_pb_wc_meta product=&#8221;312&#8243; _builder_version=&#8221;4.20.4&#8243; custom_padding=&#8221;|||30px|false|false&#8221; custom_padding_tablet=&#8221;|||30px|false|false&#8221; custom_padding_phone=&#8221;|||10px|false|false&#8221; custom_padding_last_edited=&#8221;on|phone&#8221; global_colors_info=&#8221;{}&#8221;][\/et_pb_wc_meta][\/et_pb_column][\/et_pb_row][et_pb_row column_structure=&#8221;1_3,1_3,1_3&#8243; use_custom_gutter=&#8221;on&#8221; gutter_width=&#8221;1&#8243; _builder_version=&#8221;4.20.4&#8243; _module_preset=&#8221;default&#8221; width=&#8221;100%&#8221; max_width=&#8221;1816px&#8221; custom_padding=&#8221;||0px|||&#8221; global_colors_info=&#8221;{}&#8221;][et_pb_column type=&#8221;1_3&#8243; _builder_version=&#8221;4.20.4&#8243; _module_preset=&#8221;default&#8221; global_colors_info=&#8221;{}&#8221;][\/et_pb_column][et_pb_column type=&#8221;1_3&#8243; _builder_version=&#8221;4.20.4&#8243; _module_preset=&#8221;default&#8221; global_colors_info=&#8221;{}&#8221;][et_pb_button button_url=&#8221;https:\/\/wa.link\/0ph13z&#8221; url_new_window=&#8221;on&#8221; button_text=&#8221;Nos encantar\u00e1 poder atenderte de forma presencial, si quieres tu cita en Metepec\/M\u00e9xico, si quieres m\u00e1s informaci\u00f3n o tienes alguna duda escr\u00edbenos por WhatsApp&#8221; button_alignment=&#8221;center&#8221; _builder_version=&#8221;4.27.4&#8243; _module_preset=&#8221;default&#8221; custom_button=&#8221;on&#8221; button_text_size=&#8221;15px&#8221; button_text_color=&#8221;#FFFFFF&#8221; button_bg_color=&#8221;#3875a7&#8243; button_border_radius=&#8221;10px&#8221; button_font=&#8221;&#8211;et_global_heading_font||||||||&#8221; custom_margin=&#8221;|10px||10px|false|true&#8221; animation_style=&#8221;fade&#8221; hover_enabled=&#8221;0&#8243; box_shadow_style=&#8221;preset1&#8243; box_shadow_color=&#8221;rgba(0,0,0,0.6)&#8221; global_colors_info=&#8221;{}&#8221; sticky_enabled=&#8221;0&#8243;][\/et_pb_button][\/et_pb_column][et_pb_column type=&#8221;1_3&#8243; _builder_version=&#8221;4.20.4&#8243; _module_preset=&#8221;default&#8221; global_colors_info=&#8221;{}&#8221;][\/et_pb_column][\/et_pb_row][\/et_pb_section][et_pb_section fb_built=&#8221;1&#8243; _builder_version=&#8221;4.16&#8243; custom_padding=&#8221;65px||||false|false&#8221; global_colors_info=&#8221;{}&#8221;][et_pb_row _builder_version=&#8221;4.20.4&#8243; background_size=&#8221;initial&#8221; background_position=&#8221;top_left&#8221; background_repeat=&#8221;repeat&#8221; width=&#8221;100%&#8221; custom_padding=&#8221;|10px||10px|false|true&#8221; global_colors_info=&#8221;{}&#8221;][et_pb_column type=&#8221;4_4&#8243; _builder_version=&#8221;4.16&#8243; custom_padding=&#8221;|||&#8221; global_colors_info=&#8221;{}&#8221; custom_padding__hover=&#8221;|||&#8221;][et_pb_wc_tabs product=&#8221;312&#8243; _builder_version=&#8221;4.20.4&#8243; global_colors_info=&#8221;{}&#8221;]\t\t\t\t\t[\/et_pb_wc_tabs][et_pb_wc_upsells _builder_version=&#8221;4.16&#8243; global_colors_info=&#8221;{}&#8221;][\/et_pb_wc_upsells][et_pb_wc_related_products product=&#8221;312&#8243; _builder_version=&#8221;4.20.4&#8243; title_font=&#8221;|||on|||||&#8221; product_title_font_size=&#8221;20px&#8221; border_radii_image=&#8221;on|10px|10px|10px|10px&#8221; global_colors_info=&#8221;{}&#8221;][\/et_pb_wc_related_products][\/et_pb_column][\/et_pb_row][\/et_pb_section]<\/p>\n","protected":false},"excerpt":{"rendered":"<p>Pasos para agendar: Agenda tu sesi\u00f3n, el d\u00eda y la hora que est\u00e9 disponible y sea m\u00e1s accesible para ti. A\u00f1ade a tu carrito la opci\u00f3n de sesi\u00f3n que solicitaste. Finaliza la compra a trav\u00e9s de nuestros diferentes medios de pago. Para que tu sesi\u00f3n sea asignada a la terapeuta debe haberse realizado el pago. [&hellip;]<\/p>\n","protected":false},"author":1,"featured_media":0,"parent":0,"menu_order":0,"comment_status":"closed","ping_status":"closed","template":"","meta":{"_et_pb_use_builder":"on","_et_pb_old_content":"<!-- wp:divi\/placeholder \/-->","_et_gb_content_width":"","footnotes":""},"class_list":["post-590","page","type-page","status-publish","hentry"],"yoast_head":"<!-- This site is optimized with the Yoast SEO plugin v24.3 - https:\/\/yoast.com\/wordpress\/plugins\/seo\/ -->\n<title>Calendario Tessa Y\u00e1\u00f1ez - Uumana<\/title>\n<meta name=\"description\" content=\"La consultor\u00eda de pareja es el espacio en \u00e9l fortalecemos y mejoramos las capacidades evidentes de la pareja y las familias, adem\u00e1s transformamos y prevenimos los aspectos conflictivos de la relaci\u00f3n.\" \/>\n<meta name=\"robots\" content=\"index, follow, max-snippet:-1, max-image-preview:large, max-video-preview:-1\" \/>\n<link rel=\"canonical\" href=\"https:\/\/uumana.com.co\/?page_id=590\" \/>\n<meta property=\"og:locale\" content=\"es_ES\" \/>\n<meta property=\"og:type\" content=\"article\" \/>\n<meta property=\"og:title\" content=\"Calendario Tessa Y\u00e1\u00f1ez - Uumana\" \/>\n<meta property=\"og:description\" content=\"La consultor\u00eda de pareja es el espacio en \u00e9l fortalecemos y mejoramos las capacidades evidentes de la pareja y las familias, adem\u00e1s transformamos y prevenimos los aspectos conflictivos de la relaci\u00f3n.\" \/>\n<meta property=\"og:url\" content=\"https:\/\/uumana.com.co\/?page_id=590\" \/>\n<meta property=\"og:site_name\" content=\"Uumana\" \/>\n<meta property=\"article:publisher\" content=\"https:\/\/www.facebook.com\/uumanac\" \/>\n<meta property=\"article:modified_time\" content=\"2025-01-22T00:12:41+00:00\" \/>\n<meta name=\"twitter:card\" content=\"summary_large_image\" \/>\n<meta name=\"twitter:label1\" content=\"Tiempo de lectura\" \/>\n\t<meta name=\"twitter:data1\" content=\"2 minutos\" \/>\n<script type=\"application\/ld+json\" class=\"yoast-schema-graph\">{\"@context\":\"https:\/\/schema.org\",\"@graph\":[{\"@type\":\"WebPage\",\"@id\":\"https:\/\/uumana.com.co\/?page_id=590\",\"url\":\"https:\/\/uumana.com.co\/?page_id=590\",\"name\":\"Calendario Tessa Y\u00e1\u00f1ez - Uumana\",\"isPartOf\":{\"@id\":\"https:\/\/uumana.com.co\/#website\"},\"datePublished\":\"2023-04-14T15:19:30+00:00\",\"dateModified\":\"2025-01-22T00:12:41+00:00\",\"description\":\"La consultor\u00eda de pareja es el espacio en \u00e9l fortalecemos y mejoramos las capacidades evidentes de la pareja y las familias, adem\u00e1s transformamos y prevenimos los aspectos conflictivos de la relaci\u00f3n.\",\"breadcrumb\":{\"@id\":\"https:\/\/uumana.com.co\/?page_id=590#breadcrumb\"},\"inLanguage\":\"es\",\"potentialAction\":[{\"@type\":\"ReadAction\",\"target\":[\"https:\/\/uumana.com.co\/?page_id=590\"]}]},{\"@type\":\"BreadcrumbList\",\"@id\":\"https:\/\/uumana.com.co\/?page_id=590#breadcrumb\",\"itemListElement\":[{\"@type\":\"ListItem\",\"position\":1,\"name\":\"Portada\",\"item\":\"https:\/\/uumana.com.co\/\"},{\"@type\":\"ListItem\",\"position\":2,\"name\":\"Calendario Tessa Y\u00e1\u00f1ez\"}]},{\"@type\":\"WebSite\",\"@id\":\"https:\/\/uumana.com.co\/#website\",\"url\":\"https:\/\/uumana.com.co\/\",\"name\":\"Uumana Bienestar Personal\",\"description\":\"Bienestar Emocional\",\"publisher\":{\"@id\":\"https:\/\/uumana.com.co\/#organization\"},\"potentialAction\":[{\"@type\":\"SearchAction\",\"target\":{\"@type\":\"EntryPoint\",\"urlTemplate\":\"https:\/\/uumana.com.co\/?s={search_term_string}\"},\"query-input\":{\"@type\":\"PropertyValueSpecification\",\"valueRequired\":true,\"valueName\":\"search_term_string\"}}],\"inLanguage\":\"es\"},{\"@type\":\"Organization\",\"@id\":\"https:\/\/uumana.com.co\/#organization\",\"name\":\"Uumana Bienestar Personal\",\"url\":\"https:\/\/uumana.com.co\/\",\"logo\":{\"@type\":\"ImageObject\",\"inLanguage\":\"es\",\"@id\":\"https:\/\/uumana.com.co\/#\/schema\/logo\/image\/\",\"url\":\"https:\/\/uumana.com.co\/wp-content\/uploads\/2023\/03\/Logotipo-05.png\",\"contentUrl\":\"https:\/\/uumana.com.co\/wp-content\/uploads\/2023\/03\/Logotipo-05.png\",\"width\":4500,\"height\":4501,\"caption\":\"Uumana Bienestar Personal\"},\"image\":{\"@id\":\"https:\/\/uumana.com.co\/#\/schema\/logo\/image\/\"},\"sameAs\":[\"https:\/\/www.facebook.com\/uumanac\",\"https:\/\/www.instagram.com\/uumana_\/?hl=es-la\"]}]}<\/script>\n<!-- \/ Yoast SEO plugin. -->","yoast_head_json":{"title":"Calendario Tessa Y\u00e1\u00f1ez - Uumana","description":"La consultor\u00eda de pareja es el espacio en \u00e9l fortalecemos y mejoramos las capacidades evidentes de la pareja y las familias, adem\u00e1s transformamos y prevenimos los aspectos conflictivos de la relaci\u00f3n.","robots":{"index":"index","follow":"follow","max-snippet":"max-snippet:-1","max-image-preview":"max-image-preview:large","max-video-preview":"max-video-preview:-1"},"canonical":"https:\/\/uumana.com.co\/?page_id=590","og_locale":"es_ES","og_type":"article","og_title":"Calendario Tessa Y\u00e1\u00f1ez - Uumana","og_description":"La consultor\u00eda de pareja es el espacio en \u00e9l fortalecemos y mejoramos las capacidades evidentes de la pareja y las familias, adem\u00e1s transformamos y prevenimos los aspectos conflictivos de la relaci\u00f3n.","og_url":"https:\/\/uumana.com.co\/?page_id=590","og_site_name":"Uumana","article_publisher":"https:\/\/www.facebook.com\/uumanac","article_modified_time":"2025-01-22T00:12:41+00:00","twitter_card":"summary_large_image","twitter_misc":{"Tiempo de lectura":"2 minutos"},"schema":{"@context":"https:\/\/schema.org","@graph":[{"@type":"WebPage","@id":"https:\/\/uumana.com.co\/?page_id=590","url":"https:\/\/uumana.com.co\/?page_id=590","name":"Calendario Tessa Y\u00e1\u00f1ez - Uumana","isPartOf":{"@id":"https:\/\/uumana.com.co\/#website"},"datePublished":"2023-04-14T15:19:30+00:00","dateModified":"2025-01-22T00:12:41+00:00","description":"La consultor\u00eda de pareja es el espacio en \u00e9l fortalecemos y mejoramos las capacidades evidentes de la pareja y las familias, adem\u00e1s transformamos y prevenimos los aspectos conflictivos de la relaci\u00f3n.","breadcrumb":{"@id":"https:\/\/uumana.com.co\/?page_id=590#breadcrumb"},"inLanguage":"es","potentialAction":[{"@type":"ReadAction","target":["https:\/\/uumana.com.co\/?page_id=590"]}]},{"@type":"BreadcrumbList","@id":"https:\/\/uumana.com.co\/?page_id=590#breadcrumb","itemListElement":[{"@type":"ListItem","position":1,"name":"Portada","item":"https:\/\/uumana.com.co\/"},{"@type":"ListItem","position":2,"name":"Calendario Tessa Y\u00e1\u00f1ez"}]},{"@type":"WebSite","@id":"https:\/\/uumana.com.co\/#website","url":"https:\/\/uumana.com.co\/","name":"Uumana Bienestar Personal","description":"Bienestar Emocional","publisher":{"@id":"https:\/\/uumana.com.co\/#organization"},"potentialAction":[{"@type":"SearchAction","target":{"@type":"EntryPoint","urlTemplate":"https:\/\/uumana.com.co\/?s={search_term_string}"},"query-input":{"@type":"PropertyValueSpecification","valueRequired":true,"valueName":"search_term_string"}}],"inLanguage":"es"},{"@type":"Organization","@id":"https:\/\/uumana.com.co\/#organization","name":"Uumana Bienestar Personal","url":"https:\/\/uumana.com.co\/","logo":{"@type":"ImageObject","inLanguage":"es","@id":"https:\/\/uumana.com.co\/#\/schema\/logo\/image\/","url":"https:\/\/uumana.com.co\/wp-content\/uploads\/2023\/03\/Logotipo-05.png","contentUrl":"https:\/\/uumana.com.co\/wp-content\/uploads\/2023\/03\/Logotipo-05.png","width":4500,"height":4501,"caption":"Uumana Bienestar Personal"},"image":{"@id":"https:\/\/uumana.com.co\/#\/schema\/logo\/image\/"},"sameAs":["https:\/\/www.facebook.com\/uumanac","https:\/\/www.instagram.com\/uumana_\/?hl=es-la"]}]}},"_links":{"self":[{"href":"https:\/\/uumana.com.co\/index.php?rest_route=\/wp\/v2\/pages\/590","targetHints":{"allow":["GET"]}}],"collection":[{"href":"https:\/\/uumana.com.co\/index.php?rest_route=\/wp\/v2\/pages"}],"about":[{"href":"https:\/\/uumana.com.co\/index.php?rest_route=\/wp\/v2\/types\/page"}],"author":[{"embeddable":true,"href":"https:\/\/uumana.com.co\/index.php?rest_route=\/wp\/v2\/users\/1"}],"replies":[{"embeddable":true,"href":"https:\/\/uumana.com.co\/index.php?rest_route=%2Fwp%2Fv2%2Fcomments&post=590"}],"version-history":[{"count":14,"href":"https:\/\/uumana.com.co\/index.php?rest_route=\/wp\/v2\/pages\/590\/revisions"}],"predecessor-version":[{"id":926,"href":"https:\/\/uumana.com.co\/index.php?rest_route=\/wp\/v2\/pages\/590\/revisions\/926"}],"wp:attachment":[{"href":"https:\/\/uumana.com.co\/index.php?rest_route=%2Fwp%2Fv2%2Fmedia&parent=590"}],"curies":[{"name":"wp","href":"https:\/\/api.w.org\/{rel}","templated":true}]}}