{"id":275,"date":"2023-03-11T15:52:06","date_gmt":"2023-03-11T20:52:06","guid":{"rendered":"https:\/\/uumana.com.co\/?page_id=275"},"modified":"2025-01-29T15:34:55","modified_gmt":"2025-01-29T20:34:55","slug":"especialistas","status":"publish","type":"page","link":"https:\/\/uumana.com.co\/?page_id=275","title":{"rendered":"Agenda tu cita"},"content":{"rendered":"<p>[et_pb_section fb_built=&#8221;1&#8243; module_id=&#8221;ov-cambiar-fondo&#8221; _builder_version=&#8221;4.20.1&#8243; _module_preset=&#8221;default&#8221; global_colors_info=&#8221;{}&#8221;][et_pb_row _builder_version=&#8221;4.20.1&#8243; _module_preset=&#8221;default&#8221; custom_margin=&#8221;||50px||false|false&#8221; global_colors_info=&#8221;{}&#8221;][et_pb_column type=&#8221;4_4&#8243; _builder_version=&#8221;4.20.1&#8243; _module_preset=&#8221;default&#8221; global_colors_info=&#8221;{}&#8221;][et_pb_text _builder_version=&#8221;4.27.4&#8243; _module_preset=&#8221;default&#8221; text_font=&#8221;Karla|900||on|||||&#8221; text_text_color=&#8221;rgba(0,0,0,0.19)&#8221; text_font_size=&#8221;11vw&#8221; text_letter_spacing=&#8221;10px&#8221; positioning=&#8221;absolute&#8221; position_origin_a=&#8221;center_center&#8221; text_orientation=&#8221;center&#8221; width=&#8221;100%&#8221; custom_padding=&#8221;100px||100px||true|false&#8221; hover_enabled=&#8221;0&#8243; text_font_size_tablet=&#8221;11vw&#8221; text_font_size_phone=&#8221;14vw&#8221; text_font_size_last_edited=&#8221;on|phone&#8221; global_colors_info=&#8221;{}&#8221; sticky_enabled=&#8221;0&#8243; text_line_height=&#8221;1.8em&#8221;]<\/p>\n<p>tu espacio<\/p>\n<p>[\/et_pb_text][et_pb_text _builder_version=&#8221;4.27.4&#8243; _module_preset=&#8221;default&#8221; text_font=&#8221;Convergence|700|||||||&#8221; text_text_color=&#8221;#FFFFFF&#8221; text_font_size=&#8221;33px&#8221; text_orientation=&#8221;center&#8221; custom_margin=&#8221;42px||12px||false|false&#8221; custom_padding=&#8221;||0px||false|false&#8221; text_font_size_tablet=&#8221;33px&#8221; text_font_size_phone=&#8221;27px&#8221; text_font_size_last_edited=&#8221;on|phone&#8221; text_text_shadow_style=&#8221;preset3&#8243; text_text_shadow_color=&#8221;rgba(0,0,0,0.7)&#8221; global_colors_info=&#8221;{}&#8221;]<\/p>\n<p>tu especialista<\/p>\n<p>[\/et_pb_text][et_pb_divider color=&#8221;#FFFFFF&#8221; divider_weight=&#8221;3px&#8221; _builder_version=&#8221;4.27.4&#8243; _module_preset=&#8221;default&#8221; max_width=&#8221;9%&#8221; module_alignment=&#8221;center&#8221; custom_margin=&#8221;||||false|false&#8221; custom_padding=&#8221;0px||||false|false&#8221; global_colors_info=&#8221;{}&#8221;][\/et_pb_divider][\/et_pb_column][\/et_pb_row][et_pb_row column_structure=&#8221;1_2,1_2&#8243; use_custom_gutter=&#8221;on&#8221; gutter_width=&#8221;2&#8243; make_equal=&#8221;on&#8221; module_class=&#8221;ov-fila&#8221; _builder_version=&#8221;4.20.1&#8243; _module_preset=&#8221;default&#8221; global_colors_info=&#8221;{}&#8221;][et_pb_column type=&#8221;1_2&#8243; module_class=&#8221;ov-columna-1-hover&#8221; _builder_version=&#8221;4.20.1&#8243; _module_preset=&#8221;default&#8221; background_color=&#8221;#FFFFFF&#8221; custom_padding=&#8221;60px|40px|60px|40px|true|true&#8221; custom_padding_tablet=&#8221;60px|40px|60px|40px|true|true&#8221; custom_padding_phone=&#8221;30px|30px|30px|30px|true|true&#8221; custom_padding_last_edited=&#8221;on|desktop&#8221; box_shadow_style=&#8221;preset1&#8243; box_shadow_blur=&#8221;60px&#8221; global_colors_info=&#8221;{}&#8221; background__hover_enabled=&#8221;on|desktop&#8221; background_color_gradient_stops__hover=&#8221;#f4d8cd 0%|#ecab76 100%&#8221; use_background_color_gradient__hover=&#8221;on&#8221; background_color_gradient_direction__hover=&#8221;135deg&#8221; box_shadow_color__hover_enabled=&#8221;on|desktop&#8221; box_shadow_color__hover=&#8221;rgba(0,0,0,0.6)&#8221;][et_pb_text _builder_version=&#8221;4.27.4&#8243; _dynamic_attributes=&#8221;link_option_url&#8221; _module_preset=&#8221;default&#8221; header_3_font=&#8221;Karla||||||||&#8221; header_3_text_color=&#8221;#f4d8cd&#8221; link_option_url=&#8221;@ET-DC@eyJkeW5hbWljIjp0cnVlLCJjb250ZW50IjoicG9zdF9saW5rX3VybF9wYWdlIiwic2V0dGluZ3MiOnsicG9zdF9pZCI6IjU5NSJ9fQ==@&#8221; global_colors_info=&#8221;{}&#8221;]<\/p>\n<h3>Daniela Duque<\/h3>\n<p>[\/et_pb_text][et_pb_blurb url=&#8221;@ET-DC@eyJkeW5hbWljIjp0cnVlLCJjb250ZW50IjoicG9zdF9saW5rX3VybF9wYWdlIiwic2V0dGluZ3MiOnsicG9zdF9pZCI6IjU5NSJ9fQ==@&#8221; image=&#8221;http:\/\/uumana.com.co\/wp-content\/uploads\/2023\/03\/IMG_1269-1-scaled.jpg&#8221; image_icon_width=&#8221;50%&#8221; _builder_version=&#8221;4.27.4&#8243; _dynamic_attributes=&#8221;url,link_option_url&#8221; _module_preset=&#8221;default&#8221; body_font=&#8221;Convergence||||||||&#8221; body_text_align=&#8221;justify&#8221; body_text_color=&#8221;#000000&#8243; link_option_url=&#8221;@ET-DC@eyJkeW5hbWljIjp0cnVlLCJjb250ZW50IjoicG9zdF9saW5rX3VybF9wYWdlIiwic2V0dGluZ3MiOnsicG9zdF9pZCI6IjU5NSJ9fQ==@&#8221; border_radii_image=&#8221;on|10px|10px|10px|10px&#8221; box_shadow_style_image=&#8221;preset3&#8243; global_colors_info=&#8221;{}&#8221;]<\/p>\n<p><span style=\"font-weight: 400;\">Soy Daniela Duque Rubio, realizo terapia individual, de pareja y terapia sexual de manera virtual a todo el mundo.<\/span><\/p>\n<p>[\/et_pb_blurb][\/et_pb_column][et_pb_column type=&#8221;1_2&#8243; module_class=&#8221;ov-columna-2-hover&#8221; _builder_version=&#8221;4.20.1&#8243; _module_preset=&#8221;default&#8221; background_color=&#8221;#FFFFFF&#8221; custom_padding=&#8221;60px|40px|60px|40px|true|true&#8221; custom_padding_tablet=&#8221;60px|40px|60px|40px|true|true&#8221; custom_padding_phone=&#8221;30px|30px|30px|30px|true|true&#8221; custom_padding_last_edited=&#8221;on|desktop&#8221; box_shadow_style=&#8221;preset1&#8243; box_shadow_blur=&#8221;60px&#8221; global_colors_info=&#8221;{}&#8221; background__hover_enabled=&#8221;on|desktop&#8221; background_color_gradient_stops__hover=&#8221;#77b0c1 0%|#347f83 100%&#8221; use_background_color_gradient__hover=&#8221;on&#8221; background_color_gradient_direction__hover=&#8221;135deg&#8221; box_shadow_color__hover_enabled=&#8221;on|desktop&#8221; box_shadow_color__hover=&#8221;rgba(0,0,0,0.6)&#8221;][et_pb_text _builder_version=&#8221;4.27.4&#8243; _dynamic_attributes=&#8221;link_option_url&#8221; _module_preset=&#8221;default&#8221; header_3_font=&#8221;Karla||||||||&#8221; header_3_text_color=&#8221;#347f83&#8243; link_option_url=&#8221;@ET-DC@eyJkeW5hbWljIjp0cnVlLCJjb250ZW50IjoicG9zdF9saW5rX3VybF9wYWdlIiwic2V0dGluZ3MiOnsicG9zdF9pZCI6IjU5MCJ9fQ==@&#8221; global_colors_info=&#8221;{}&#8221;]<\/p>\n<h3>Tessa Y\u00e1\u00f1ez<\/h3>\n<p>[\/et_pb_text][et_pb_blurb url=&#8221;@ET-DC@eyJkeW5hbWljIjp0cnVlLCJjb250ZW50IjoicG9zdF9saW5rX3VybF9wYWdlIiwic2V0dGluZ3MiOnsicG9zdF9pZCI6IjU5MCJ9fQ==@&#8221; image=&#8221;http:\/\/uumana.com.co\/wp-content\/uploads\/2023\/03\/IMG_1073-1-scaled.jpg&#8221; image_icon_width=&#8221;38%&#8221; _builder_version=&#8221;4.27.4&#8243; _dynamic_attributes=&#8221;url,link_option_url&#8221; _module_preset=&#8221;default&#8221; body_font=&#8221;Convergence||||||||&#8221; body_text_align=&#8221;justify&#8221; body_text_color=&#8221;#000000&#8243; link_option_url=&#8221;@ET-DC@eyJkeW5hbWljIjp0cnVlLCJjb250ZW50IjoicG9zdF9saW5rX3VybF9wYWdlIiwic2V0dGluZ3MiOnsicG9zdF9pZCI6IjU5MCJ9fQ==@&#8221; border_radii_image=&#8221;on|10px|10px|10px|10px&#8221; box_shadow_style_image=&#8221;preset3&#8243; global_colors_info=&#8221;{}&#8221;]<\/p>\n<p><span style=\"font-weight: 400;\">Soy Tessa Y\u00e1\u00f1ez y realizo consultor\u00eda a parejas y familias de manera virtual a todo el mundo y presencial en Metepec\/M\u00e9xico.<\/span><\/p>\n<p>[\/et_pb_blurb][\/et_pb_column][\/et_pb_row][et_pb_row column_structure=&#8221;1_2,1_2&#8243; use_custom_gutter=&#8221;on&#8221; gutter_width=&#8221;2&#8243; make_equal=&#8221;on&#8221; module_class=&#8221;ov-fila&#8221; _builder_version=&#8221;4.27.4&#8243; _module_preset=&#8221;default&#8221; global_colors_info=&#8221;{}&#8221;][et_pb_column type=&#8221;1_2&#8243; module_class=&#8221;ov-columna-3-hover&#8221; _builder_version=&#8221;4.20.1&#8243; _module_preset=&#8221;default&#8221; background_color=&#8221;#FFFFFF&#8221; custom_padding=&#8221;60px|40px|60px|40px|true|true&#8221; custom_padding_tablet=&#8221;60px|40px|60px|40px|true|true&#8221; custom_padding_phone=&#8221;30px|30px|30px|30px|true|true&#8221; custom_padding_last_edited=&#8221;on|desktop&#8221; box_shadow_style=&#8221;preset1&#8243; box_shadow_blur=&#8221;60px&#8221; global_colors_info=&#8221;{}&#8221; background__hover_enabled=&#8221;on|hover&#8221; background_color_gradient_stops__hover=&#8221;#80b5e0 0%|#3875a7 100%&#8221; use_background_color_gradient__hover=&#8221;on&#8221; background_color_gradient_direction__hover=&#8221;135deg&#8221; box_shadow_color__hover_enabled=&#8221;on|desktop&#8221; box_shadow_color__hover=&#8221;rgba(0,0,0,0.6)&#8221;][et_pb_text _builder_version=&#8221;4.27.4&#8243; _dynamic_attributes=&#8221;link_option_url&#8221; _module_preset=&#8221;default&#8221; header_3_font=&#8221;Karla||||||||&#8221; header_3_text_color=&#8221;#3875a7&#8243; link_option_url=&#8221;@ET-DC@eyJkeW5hbWljIjp0cnVlLCJjb250ZW50IjoicG9zdF9saW5rX3VybF9wYWdlIiwic2V0dGluZ3MiOnsicG9zdF9pZCI6IjU5OCJ9fQ==@&#8221; global_colors_info=&#8221;{}&#8221;]<\/p>\n<h3>Yuly Osorio<\/h3>\n<p>[\/et_pb_text][et_pb_blurb url=&#8221;@ET-DC@eyJkeW5hbWljIjp0cnVlLCJjb250ZW50IjoicG9zdF9saW5rX3VybF9wYWdlIiwic2V0dGluZ3MiOnsicG9zdF9pZCI6IjU5OCJ9fQ==@&#8221; image=&#8221;http:\/\/uumana.com.co\/wp-content\/uploads\/2023\/03\/Picsart_23-03-28_00-18-37-174-1-scaled.jpg&#8221; image_icon_width=&#8221;45%&#8221; _builder_version=&#8221;4.27.4&#8243; _dynamic_attributes=&#8221;url,link_option_url&#8221; _module_preset=&#8221;default&#8221; body_font=&#8221;Convergence||||||||&#8221; body_text_align=&#8221;justify&#8221; body_text_color=&#8221;#000000&#8243; link_option_url=&#8221;@ET-DC@eyJkeW5hbWljIjp0cnVlLCJjb250ZW50IjoicG9zdF9saW5rX3VybF9wYWdlIiwic2V0dGluZ3MiOnsicG9zdF9pZCI6IjU5OCJ9fQ==@&#8221; border_radii_image=&#8221;on|10px|10px|10px|10px&#8221; box_shadow_style_image=&#8221;preset3&#8243; global_colors_info=&#8221;{}&#8221;]<\/p>\n<p><span style=\"font-weight: 400;\">Soy Yuly Andrea Osorio G\u00f3mez y realizo terapia individual de manera virtual a todo el mundo y presencial en Pereira\/Colombia.<\/span><\/p>\n<p>[\/et_pb_blurb][\/et_pb_column][et_pb_column type=&#8221;1_2&#8243; disabled_on=&#8221;on|on|on&#8221; _builder_version=&#8221;4.27.4&#8243; _module_preset=&#8221;default&#8221; background_color=&#8221;RGBA(255,255,255,0)&#8221; custom_padding=&#8221;60px|40px|60px|40px|true|true&#8221; custom_padding_tablet=&#8221;60px|40px|60px|40px|true|true&#8221; custom_padding_phone=&#8221;30px|30px|30px|30px|true|true&#8221; custom_padding_last_edited=&#8221;on|desktop&#8221; disabled=&#8221;on&#8221; global_colors_info=&#8221;{}&#8221; background__hover_enabled=&#8221;on|hover&#8221; background_color_gradient_stops__hover=&#8221;#f4d8cd 0%|#80b5e0 100%&#8221; use_background_color_gradient__hover=&#8221;on&#8221; background_color_gradient_direction__hover=&#8221;135deg&#8221; box_shadow_color__hover_enabled=&#8221;on|desktop&#8221; box_shadow_color__hover=&#8221;rgba(0,0,0,0.6)&#8221; background_color__hover=&#8221;RGBA(255,255,255,0)&#8221; background_enable_color__hover=&#8221;on&#8221;][\/et_pb_column][\/et_pb_row][et_pb_row _builder_version=&#8221;4.20.1&#8243; _module_preset=&#8221;default&#8221; global_colors_info=&#8221;{}&#8221;][et_pb_column type=&#8221;4_4&#8243; _builder_version=&#8221;4.20.1&#8243; _module_preset=&#8221;default&#8221; global_colors_info=&#8221;{}&#8221;][et_pb_code _builder_version=&#8221;4.20.1&#8243; _module_preset=&#8221;default&#8221; global_colors_info=&#8221;{}&#8221;]<script><!-- [et_pb_line_break_holder] -->jQuery(document).ready(function( $ ) {<!-- [et_pb_line_break_holder] -->  \/\/ Hover columna 1<!-- [et_pb_line_break_holder] -->  $('.ov-columna-1-hover').mouseenter(function(){<!-- [et_pb_line_break_holder] -->    $('#ov-cambiar-fondo').addClass('degradado-1');<!-- [et_pb_line_break_holder] -->  });<!-- [et_pb_line_break_holder] -->  $('.ov-columna-1-hover').mouseleave(function(){<!-- [et_pb_line_break_holder] -->    $('#ov-cambiar-fondo').removeClass('degradado-1');<!-- [et_pb_line_break_holder] -->  });<!-- [et_pb_line_break_holder] -->  \/\/ Hover columna 2<!-- [et_pb_line_break_holder] -->  $('.ov-columna-2-hover').mouseenter(function(){<!-- [et_pb_line_break_holder] -->    $('#ov-cambiar-fondo').addClass('degradado-2');<!-- [et_pb_line_break_holder] -->  });<!-- [et_pb_line_break_holder] -->  $('.ov-columna-2-hover').mouseleave(function(){<!-- [et_pb_line_break_holder] -->    $('#ov-cambiar-fondo').removeClass('degradado-2');<!-- [et_pb_line_break_holder] -->  });<!-- [et_pb_line_break_holder] -->  \/\/ Hover columna 3<!-- [et_pb_line_break_holder] -->  $('.ov-columna-3-hover').mouseenter(function(){<!-- [et_pb_line_break_holder] -->    $('#ov-cambiar-fondo').addClass('degradado-3');<!-- [et_pb_line_break_holder] -->  });<!-- [et_pb_line_break_holder] -->  $('.ov-columna-3-hover').mouseleave(function(){<!-- [et_pb_line_break_holder] -->    $('#ov-cambiar-fondo').removeClass('degradado-3');<!-- [et_pb_line_break_holder] -->  });<!-- [et_pb_line_break_holder] -->  \/\/ Hover columna 4<!-- [et_pb_line_break_holder] -->  $('.ov-columna-4-hover').mouseenter(function(){<!-- [et_pb_line_break_holder] -->    $('#ov-cambiar-fondo').addClass('degradado-4');<!-- [et_pb_line_break_holder] -->  });<!-- [et_pb_line_break_holder] -->  $('.ov-columna-4-hover').mouseleave(function(){<!-- [et_pb_line_break_holder] -->    $('#ov-cambiar-fondo').removeClass('degradado-4');<!-- [et_pb_line_break_holder] -->  });<!-- [et_pb_line_break_holder] -->});<!-- [et_pb_line_break_holder] --><\/script>[\/et_pb_code][\/et_pb_column][\/et_pb_row][\/et_pb_section]<\/p>\n","protected":false},"excerpt":{"rendered":"<p>tu espaciotu especialistaDaniela DuqueSoy Daniela Duque Rubio, realizo terapia individual, de pareja y terapia sexual de manera virtual a todo el mundo.Tessa Y\u00e1\u00f1ezSoy Tessa Y\u00e1\u00f1ez y realizo consultor\u00eda a parejas y familias de manera virtual a todo el mundo y presencial en Metepec\/M\u00e9xico.Yuly OsorioSoy Yuly Andrea Osorio G\u00f3mez y realizo terapia individual de manera virtual [&hellip;]<\/p>\n","protected":false},"author":1,"featured_media":0,"parent":0,"menu_order":0,"comment_status":"closed","ping_status":"closed","template":"","meta":{"_et_pb_use_builder":"on","_et_pb_old_content":"","_et_gb_content_width":"","footnotes":""},"class_list":["post-275","page","type-page","status-publish","hentry"],"yoast_head":"<!-- This site is optimized with the Yoast SEO plugin v24.3 - https:\/\/yoast.com\/wordpress\/plugins\/seo\/ -->\n<title>Agenda tu cita - Uumana<\/title>\n<meta name=\"description\" content=\"Elige a tu terapeuta\" \/>\n<meta name=\"robots\" content=\"index, follow, max-snippet:-1, max-image-preview:large, max-video-preview:-1\" \/>\n<link rel=\"canonical\" href=\"https:\/\/uumana.com.co\/?page_id=275\" \/>\n<meta property=\"og:locale\" content=\"es_ES\" \/>\n<meta property=\"og:type\" content=\"article\" \/>\n<meta property=\"og:title\" content=\"Agenda tu cita - Uumana\" \/>\n<meta property=\"og:description\" content=\"Elige a tu terapeuta\" \/>\n<meta property=\"og:url\" content=\"https:\/\/uumana.com.co\/?page_id=275\" \/>\n<meta property=\"og:site_name\" content=\"Uumana\" \/>\n<meta property=\"article:publisher\" content=\"https:\/\/www.facebook.com\/uumanac\" \/>\n<meta property=\"article:modified_time\" content=\"2025-01-29T20:34:55+00:00\" \/>\n<meta name=\"twitter:card\" content=\"summary_large_image\" \/>\n<meta name=\"twitter:label1\" content=\"Tiempo de lectura\" \/>\n\t<meta name=\"twitter:data1\" content=\"2 minutos\" \/>\n<script type=\"application\/ld+json\" class=\"yoast-schema-graph\">{\"@context\":\"https:\/\/schema.org\",\"@graph\":[{\"@type\":\"WebPage\",\"@id\":\"https:\/\/uumana.com.co\/?page_id=275\",\"url\":\"https:\/\/uumana.com.co\/?page_id=275\",\"name\":\"Agenda tu cita - Uumana\",\"isPartOf\":{\"@id\":\"https:\/\/uumana.com.co\/#website\"},\"datePublished\":\"2023-03-11T20:52:06+00:00\",\"dateModified\":\"2025-01-29T20:34:55+00:00\",\"description\":\"Elige a tu terapeuta\",\"breadcrumb\":{\"@id\":\"https:\/\/uumana.com.co\/?page_id=275#breadcrumb\"},\"inLanguage\":\"es\",\"potentialAction\":[{\"@type\":\"ReadAction\",\"target\":[\"https:\/\/uumana.com.co\/?page_id=275\"]}]},{\"@type\":\"BreadcrumbList\",\"@id\":\"https:\/\/uumana.com.co\/?page_id=275#breadcrumb\",\"itemListElement\":[{\"@type\":\"ListItem\",\"position\":1,\"name\":\"Portada\",\"item\":\"https:\/\/uumana.com.co\/\"},{\"@type\":\"ListItem\",\"position\":2,\"name\":\"Agenda tu cita\"}]},{\"@type\":\"WebSite\",\"@id\":\"https:\/\/uumana.com.co\/#website\",\"url\":\"https:\/\/uumana.com.co\/\",\"name\":\"Uumana Bienestar Personal\",\"description\":\"Bienestar Emocional\",\"publisher\":{\"@id\":\"https:\/\/uumana.com.co\/#organization\"},\"potentialAction\":[{\"@type\":\"SearchAction\",\"target\":{\"@type\":\"EntryPoint\",\"urlTemplate\":\"https:\/\/uumana.com.co\/?s={search_term_string}\"},\"query-input\":{\"@type\":\"PropertyValueSpecification\",\"valueRequired\":true,\"valueName\":\"search_term_string\"}}],\"inLanguage\":\"es\"},{\"@type\":\"Organization\",\"@id\":\"https:\/\/uumana.com.co\/#organization\",\"name\":\"Uumana Bienestar Personal\",\"url\":\"https:\/\/uumana.com.co\/\",\"logo\":{\"@type\":\"ImageObject\",\"inLanguage\":\"es\",\"@id\":\"https:\/\/uumana.com.co\/#\/schema\/logo\/image\/\",\"url\":\"https:\/\/uumana.com.co\/wp-content\/uploads\/2023\/03\/Logotipo-05.png\",\"contentUrl\":\"https:\/\/uumana.com.co\/wp-content\/uploads\/2023\/03\/Logotipo-05.png\",\"width\":4500,\"height\":4501,\"caption\":\"Uumana Bienestar Personal\"},\"image\":{\"@id\":\"https:\/\/uumana.com.co\/#\/schema\/logo\/image\/\"},\"sameAs\":[\"https:\/\/www.facebook.com\/uumanac\",\"https:\/\/www.instagram.com\/uumana_\/?hl=es-la\"]}]}<\/script>\n<!-- \/ Yoast SEO plugin. -->","yoast_head_json":{"title":"Agenda tu cita - Uumana","description":"Elige a tu terapeuta","robots":{"index":"index","follow":"follow","max-snippet":"max-snippet:-1","max-image-preview":"max-image-preview:large","max-video-preview":"max-video-preview:-1"},"canonical":"https:\/\/uumana.com.co\/?page_id=275","og_locale":"es_ES","og_type":"article","og_title":"Agenda tu cita - Uumana","og_description":"Elige a tu terapeuta","og_url":"https:\/\/uumana.com.co\/?page_id=275","og_site_name":"Uumana","article_publisher":"https:\/\/www.facebook.com\/uumanac","article_modified_time":"2025-01-29T20:34:55+00:00","twitter_card":"summary_large_image","twitter_misc":{"Tiempo de lectura":"2 minutos"},"schema":{"@context":"https:\/\/schema.org","@graph":[{"@type":"WebPage","@id":"https:\/\/uumana.com.co\/?page_id=275","url":"https:\/\/uumana.com.co\/?page_id=275","name":"Agenda tu cita - Uumana","isPartOf":{"@id":"https:\/\/uumana.com.co\/#website"},"datePublished":"2023-03-11T20:52:06+00:00","dateModified":"2025-01-29T20:34:55+00:00","description":"Elige a tu terapeuta","breadcrumb":{"@id":"https:\/\/uumana.com.co\/?page_id=275#breadcrumb"},"inLanguage":"es","potentialAction":[{"@type":"ReadAction","target":["https:\/\/uumana.com.co\/?page_id=275"]}]},{"@type":"BreadcrumbList","@id":"https:\/\/uumana.com.co\/?page_id=275#breadcrumb","itemListElement":[{"@type":"ListItem","position":1,"name":"Portada","item":"https:\/\/uumana.com.co\/"},{"@type":"ListItem","position":2,"name":"Agenda tu cita"}]},{"@type":"WebSite","@id":"https:\/\/uumana.com.co\/#website","url":"https:\/\/uumana.com.co\/","name":"Uumana Bienestar Personal","description":"Bienestar Emocional","publisher":{"@id":"https:\/\/uumana.com.co\/#organization"},"potentialAction":[{"@type":"SearchAction","target":{"@type":"EntryPoint","urlTemplate":"https:\/\/uumana.com.co\/?s={search_term_string}"},"query-input":{"@type":"PropertyValueSpecification","valueRequired":true,"valueName":"search_term_string"}}],"inLanguage":"es"},{"@type":"Organization","@id":"https:\/\/uumana.com.co\/#organization","name":"Uumana Bienestar Personal","url":"https:\/\/uumana.com.co\/","logo":{"@type":"ImageObject","inLanguage":"es","@id":"https:\/\/uumana.com.co\/#\/schema\/logo\/image\/","url":"https:\/\/uumana.com.co\/wp-content\/uploads\/2023\/03\/Logotipo-05.png","contentUrl":"https:\/\/uumana.com.co\/wp-content\/uploads\/2023\/03\/Logotipo-05.png","width":4500,"height":4501,"caption":"Uumana Bienestar Personal"},"image":{"@id":"https:\/\/uumana.com.co\/#\/schema\/logo\/image\/"},"sameAs":["https:\/\/www.facebook.com\/uumanac","https:\/\/www.instagram.com\/uumana_\/?hl=es-la"]}]}},"_links":{"self":[{"href":"https:\/\/uumana.com.co\/index.php?rest_route=\/wp\/v2\/pages\/275","targetHints":{"allow":["GET"]}}],"collection":[{"href":"https:\/\/uumana.com.co\/index.php?rest_route=\/wp\/v2\/pages"}],"about":[{"href":"https:\/\/uumana.com.co\/index.php?rest_route=\/wp\/v2\/types\/page"}],"author":[{"embeddable":true,"href":"https:\/\/uumana.com.co\/index.php?rest_route=\/wp\/v2\/users\/1"}],"replies":[{"embeddable":true,"href":"https:\/\/uumana.com.co\/index.php?rest_route=%2Fwp%2Fv2%2Fcomments&post=275"}],"version-history":[{"count":33,"href":"https:\/\/uumana.com.co\/index.php?rest_route=\/wp\/v2\/pages\/275\/revisions"}],"predecessor-version":[{"id":977,"href":"https:\/\/uumana.com.co\/index.php?rest_route=\/wp\/v2\/pages\/275\/revisions\/977"}],"wp:attachment":[{"href":"https:\/\/uumana.com.co\/index.php?rest_route=%2Fwp%2Fv2%2Fmedia&parent=275"}],"curies":[{"name":"wp","href":"https:\/\/api.w.org\/{rel}","templated":true}]}}